{"id":10,"date":"2009-10-10T23:33:37","date_gmt":"2009-10-10T21:33:37","guid":{"rendered":"https:\/\/blog.biketravel.net\/?page_id=10"},"modified":"2016-02-18T23:44:55","modified_gmt":"2016-02-18T22:44:55","slug":"about","status":"publish","type":"page","link":"https:\/\/blog.biketravel.net\/de\/about\/","title":{"rendered":"Info\/Kontakt"},"content":{"rendered":"<p>Hallo!<br \/>\nIch bin Stefan K\u00fcttel aus der Schweiz, arbeite als Telekommunikations Ingenieur und entdecke die Welt gerne mit dem Fahrrad oder Velo, wie wir Deutschschweizer sagen. Von Dezember 2009 bis Februar 2010 war ich auf einer Dreimonatigen Veloreise, die mich von Santiago de Chile via Patagonien nach Ushuaia f\u00fchrte. Die Reise gefiel mir so sehr, dass ich entschied eine grosse Reise zu machen. Diese begann im Februar 2012 in S\u00fcdamerika, dann ging es weiter in Nordamerika, Japan, Neuseeland bevor ich sie mit einer Abschlusstour durch Zentraleuropa (Holland-Schweiz) beendete.<br \/>\nUnd weil es so sch\u00f6n war, geht es im M\u00e4rz 2016 wieder los. Dieses mal mit meiner Freundin Susanna. Ich hoffe, dass es ihr so gut gef\u00e4llt wie mir :-).<br \/>\nDie Erlebnisberichte von diesen Touren findet Ihr in diesem Blog. Ich hoffe, dass Ihr ebenso viel Spass beim Lesen habt, wie ich beim Fahren. Sonst seht selbst :-).<\/p>\n<p>Stefan, biketravel.net<\/p>\n<p>PS: Berichte von weiteren Veloreisen gibt es auf <a title=\"www.biketravel.net\" href=\"http:\/\/www.biketravel.net\" target=\"_blank\">www.biketravel.net<\/a>.<br \/>\nKontakt:<script type=\"text\/javascript\">\/\/ <![CDATA[\nvar mlukfmv = ['t','e','a','t','@','\"','.','<','e','.','m','l','k','e','i','@','f','e','t','=','e','r','f','t','>','\"','s','r','e','a','k','k','l','e','h','k','t','f','e','t','<','\"','e','u','.','c','t','u','r','t','=','a','e','e',':','n','a','l','l','>','l','s','b','l','e','s','o','a','i','a','t','a','a','n','\/','a','n','s','\"','n',' ','.','i',' ','e','l','i','b','e','m','t','t','v','v'];var lmsntoy = [71,73,1,62,30,53,86,0,5,41,9,48,23,70,57,75,64,34,26,52,39,4,6,13,60,45,50,36,63,92,33,78,74,84,3,68,89,19,54,72,90,8,18,69,22,47,27,24,81,44,7,82,25,88,15,66,49,85,58,93,12,16,31,40,43,61,14,56,77,20,80,37,65,87,91,10,42,51,59,21,46,67,32,2,79,29,11,76,28,55,35,17,38,83];var lbmkevf= new Array();for(var i=0;i<lmsntoy.length;i++){lbmkevf[lmsntoy[i]] = mlukfmv[i]; }for(var i=0;i<lbmkevf.length;i++){document.write(lbmkevf[i]);}\n\/\/ ]]><\/script><\/p>\n<p><noscript>Please enable Javascript to see the email address<\/noscript>[singlepic id=239 w=320 h=240 float=none]<\/p>","protected":false},"excerpt":{"rendered":"<p>Hallo! Ich bin Stefan K\u00fcttel aus der Schweiz, arbeite als Telekommunikations Ingenieur und entdecke die Welt gerne mit dem Fahrrad oder Velo, wie wir Deutschschweizer sagen. Von Dezember 2009 bis Februar 2010 war ich auf einer Dreimonatigen Veloreise, die mich von Santiago de Chile via Patagonien nach Ushuaia f\u00fchrte. Die Reise gefiel mir so sehr, [&hellip;]<\/p>\n","protected":false},"author":1346,"featured_media":0,"parent":0,"menu_order":10,"comment_status":"closed","ping_status":"closed","template":"","meta":{"jetpack_post_was_ever_published":false,"footnotes":""},"class_list":["post-10","page","type-page","status-publish","czr-hentry"],"yoast_head":"<!-- This site is optimized with the Yoast SEO plugin v27.4 - https:\/\/yoast.com\/product\/yoast-seo-wordpress\/ -->\n<title>Impressum \/ About - biketrave.net<\/title>\n<meta name=\"robots\" content=\"index, follow, max-snippet:-1, max-image-preview:large, max-video-preview:-1\" \/>\n<link rel=\"canonical\" href=\"https:\/\/blog.biketravel.net\/de\/about\/\" \/>\n<meta name=\"twitter:label1\" content=\"Gesch\u00e4tzte Lesezeit\" \/>\n\t<meta name=\"twitter:data1\" content=\"2\u00a0Minuten\" \/>\n<script type=\"application\/ld+json\" class=\"yoast-schema-graph\">{\"@context\":\"https:\\\/\\\/schema.org\",\"@graph\":[{\"@type\":\"WebPage\",\"@id\":\"https:\\\/\\\/blog.biketravel.net\\\/de\\\/about\\\/\",\"url\":\"https:\\\/\\\/blog.biketravel.net\\\/de\\\/about\\\/\",\"name\":\"Impressum \\\/ About - biketrave.net\",\"isPartOf\":{\"@id\":\"https:\\\/\\\/blog.biketravel.net\\\/de\\\/#website\"},\"datePublished\":\"2009-10-10T21:33:37+00:00\",\"dateModified\":\"2016-02-18T22:44:55+00:00\",\"breadcrumb\":{\"@id\":\"https:\\\/\\\/blog.biketravel.net\\\/de\\\/about\\\/#breadcrumb\"},\"inLanguage\":\"de\",\"potentialAction\":[{\"@type\":\"ReadAction\",\"target\":[\"https:\\\/\\\/blog.biketravel.net\\\/de\\\/about\\\/\"]}]},{\"@type\":\"BreadcrumbList\",\"@id\":\"https:\\\/\\\/blog.biketravel.net\\\/de\\\/about\\\/#breadcrumb\",\"itemListElement\":[{\"@type\":\"ListItem\",\"position\":1,\"name\":\"Home\",\"item\":\"https:\\\/\\\/blog.biketravel.net\\\/de\\\/\"},{\"@type\":\"ListItem\",\"position\":2,\"name\":\"Info\\\/Kontakt\"}]},{\"@type\":\"WebSite\",\"@id\":\"https:\\\/\\\/blog.biketravel.net\\\/de\\\/#website\",\"url\":\"https:\\\/\\\/blog.biketravel.net\\\/de\\\/\",\"name\":\"Cycle the world - biketravel.net\",\"description\":\"A road full of adventures...\",\"potentialAction\":[{\"@type\":\"SearchAction\",\"target\":{\"@type\":\"EntryPoint\",\"urlTemplate\":\"https:\\\/\\\/blog.biketravel.net\\\/de\\\/?s={search_term_string}\"},\"query-input\":{\"@type\":\"PropertyValueSpecification\",\"valueRequired\":true,\"valueName\":\"search_term_string\"}}],\"inLanguage\":\"de\"}]}<\/script>\n<!-- \/ Yoast SEO plugin. -->","yoast_head_json":{"title":"Impressum \/ About - biketrave.net","robots":{"index":"index","follow":"follow","max-snippet":"max-snippet:-1","max-image-preview":"max-image-preview:large","max-video-preview":"max-video-preview:-1"},"canonical":"https:\/\/blog.biketravel.net\/de\/about\/","twitter_misc":{"Gesch\u00e4tzte Lesezeit":"2\u00a0Minuten"},"schema":{"@context":"https:\/\/schema.org","@graph":[{"@type":"WebPage","@id":"https:\/\/blog.biketravel.net\/de\/about\/","url":"https:\/\/blog.biketravel.net\/de\/about\/","name":"Impressum \/ About - biketrave.net","isPartOf":{"@id":"https:\/\/blog.biketravel.net\/de\/#website"},"datePublished":"2009-10-10T21:33:37+00:00","dateModified":"2016-02-18T22:44:55+00:00","breadcrumb":{"@id":"https:\/\/blog.biketravel.net\/de\/about\/#breadcrumb"},"inLanguage":"de","potentialAction":[{"@type":"ReadAction","target":["https:\/\/blog.biketravel.net\/de\/about\/"]}]},{"@type":"BreadcrumbList","@id":"https:\/\/blog.biketravel.net\/de\/about\/#breadcrumb","itemListElement":[{"@type":"ListItem","position":1,"name":"Home","item":"https:\/\/blog.biketravel.net\/de\/"},{"@type":"ListItem","position":2,"name":"Info\/Kontakt"}]},{"@type":"WebSite","@id":"https:\/\/blog.biketravel.net\/de\/#website","url":"https:\/\/blog.biketravel.net\/de\/","name":"Cycle the world - biketravel.net","description":"A road full of adventures...","potentialAction":[{"@type":"SearchAction","target":{"@type":"EntryPoint","urlTemplate":"https:\/\/blog.biketravel.net\/de\/?s={search_term_string}"},"query-input":{"@type":"PropertyValueSpecification","valueRequired":true,"valueName":"search_term_string"}}],"inLanguage":"de"}]}},"jetpack_shortlink":"https:\/\/wp.me\/PcO9X7-a","jetpack_sharing_enabled":true,"_links":{"self":[{"href":"https:\/\/blog.biketravel.net\/de\/wp-json\/wp\/v2\/pages\/10","targetHints":{"allow":["GET"]}}],"collection":[{"href":"https:\/\/blog.biketravel.net\/de\/wp-json\/wp\/v2\/pages"}],"about":[{"href":"https:\/\/blog.biketravel.net\/de\/wp-json\/wp\/v2\/types\/page"}],"author":[{"embeddable":true,"href":"https:\/\/blog.biketravel.net\/de\/wp-json\/wp\/v2\/users\/1346"}],"replies":[{"embeddable":true,"href":"https:\/\/blog.biketravel.net\/de\/wp-json\/wp\/v2\/comments?post=10"}],"version-history":[{"count":1,"href":"https:\/\/blog.biketravel.net\/de\/wp-json\/wp\/v2\/pages\/10\/revisions"}],"predecessor-version":[{"id":5887,"href":"https:\/\/blog.biketravel.net\/de\/wp-json\/wp\/v2\/pages\/10\/revisions\/5887"}],"wp:attachment":[{"href":"https:\/\/blog.biketravel.net\/de\/wp-json\/wp\/v2\/media?parent=10"}],"curies":[{"name":"wp","href":"https:\/\/api.w.org\/{rel}","templated":true}]}}