{"id":1002,"date":"2011-12-29T18:52:23","date_gmt":"2011-12-29T17:52:23","guid":{"rendered":"https:\/\/blog.biketravel.net\/?page_id=1002"},"modified":"2018-04-13T23:40:16","modified_gmt":"2018-04-13T22:40:16","slug":"equipment","status":"publish","type":"page","link":"https:\/\/blog.biketravel.net\/de\/equipment\/equipment\/","title":{"rendered":"Bike &#038; Co"},"content":{"rendered":"<p>Ich verzichte darauf hier alle Details aufzulisten und halte mich kurz.<\/p>\n<p><strong>Fahrrad<\/strong><\/p>\n<p><a title=\"http:\/\/www.mtbcycletech.com\" href=\"http:\/\/www.mtbcycletech.com\" target=\"_blank\"><img data-recalc-dims=\"1\" loading=\"lazy\" decoding=\"async\" data-attachment-id=\"1009\" data-permalink=\"https:\/\/blog.biketravel.net\/de\/equipment\/equipment\/attachment\/papalagi\/\" data-orig-file=\"https:\/\/i0.wp.com\/blog.biketravel.net\/wp-content\/uploads\/2011\/12\/Papalagi.jpg?fit=220%2C138&amp;ssl=1\" data-orig-size=\"220,138\" data-comments-opened=\"1\" data-image-meta=\"{&quot;aperture&quot;:&quot;0&quot;,&quot;credit&quot;:&quot;&quot;,&quot;camera&quot;:&quot;&quot;,&quot;caption&quot;:&quot;&quot;,&quot;created_timestamp&quot;:&quot;0&quot;,&quot;copyright&quot;:&quot;&quot;,&quot;focal_length&quot;:&quot;0&quot;,&quot;iso&quot;:&quot;0&quot;,&quot;shutter_speed&quot;:&quot;0&quot;,&quot;title&quot;:&quot;&quot;,&quot;orientation&quot;:&quot;0&quot;}\" data-image-title=\"Papalagi\" data-image-description=\"\" data-image-caption=\"\" data-medium-file=\"https:\/\/i0.wp.com\/blog.biketravel.net\/wp-content\/uploads\/2011\/12\/Papalagi.jpg?fit=220%2C138&amp;ssl=1\" data-large-file=\"https:\/\/i0.wp.com\/blog.biketravel.net\/wp-content\/uploads\/2011\/12\/Papalagi.jpg?fit=220%2C138&amp;ssl=1\" class=\"size-full wp-image-1009 alignleft\" title=\"Papalagi von MTBCycletech\" alt=\"Papalagi von MTBCycletech\" src=\"https:\/\/i0.wp.com\/blog.biketravel.net\/wp-content\/uploads\/2011\/12\/Papalagi.jpg?resize=220%2C138&#038;ssl=1\" width=\"220\" height=\"138\" \/><\/a><\/p>\n<p>Die letzten gut 10 Jahre hat mich immer mein Papalagi von <a title=\"http:\/\/www.mtbcycletech.com\/\" href=\"http:\/\/www.mtbcycletech.com\/\" target=\"_blank\">MTBCyclech<\/a> auf meinen Reisen begleitet. Und da ich in dieser Zeit nur sehr wenige Probleme hatte, lag es auf der Hand, dass ich mir f\u00fcr mein Grossprojekt ab 2012 wiederum einen Papalagi zulegen w\u00fcrde. F\u00fcr die R\u00e4der nutzte ich am Anfang meine alten <a title=\"http:\/\/www.schwalbe.de\/\" href=\"http:\/\/www.schwalbe.de\/\" target=\"_blank\">Schwalbe Marathon XR<\/a>. Diese hatte ich von meinem alten Papalagi \u00fcbernommen, da sie leider nicht mehr erh\u00e4ltlich sind. Leider hat sich dann der Pneu am Hinterrad in S\u00fcdamerika <a title=\"Several blockages and a puncture later\" href=\"https:\/\/blog.biketravel.net\/de\/bike-around-the-world\/several-blockages-and-a-puncture-later\/\" target=\"_blank\">verabschiedet<\/a>. Wahrscheinlich war er einfach zu spr\u00f6de weil zu alt&#8230; In Nordamerika habe ich dann auf einen Strassenpneu gewechselt: den\u00a0Continental Travel Contact. Ebenfalls kein g\u00fcnstiger Pneu, aber ich hatte auf mehr als 6&#8217;000km keinen einzigen Platten. Und dies obwohl immer mal Glas und anderes auf der Strasse herum lag. Deshalb lag es auf der Hand, dass ich f\u00fcr Japan wieder einen neuen Satz dieses Pneus verwenden w\u00fcrde. Der vordere Reifen hielt dann auch gute 8&#8217;000km bis am Schluss meiner Reise. Der hintere Reifen habe ich nach gut 6&#8217;000km durch einen Schwalbe Marathon ersetzt, da die Seitenwand langsam l\u00f6chrig wurde. Aber das darf sie auch nach solchen Distanzen.<\/p>\n<p><strong>Taschen<\/strong><\/p>\n<p><a title=\"http:\/\/www.ortlieb.de\/\" href=\"http:\/\/www.ortlieb.de\/\" target=\"_blank\"><img data-recalc-dims=\"1\" loading=\"lazy\" decoding=\"async\" data-attachment-id=\"1634\" data-permalink=\"https:\/\/blog.biketravel.net\/de\/equipment\/equipment\/attachment\/312841_06_backroller_plus_von_ortlieb\/\" data-orig-file=\"https:\/\/i0.wp.com\/blog.biketravel.net\/wp-content\/uploads\/2011\/12\/312841_06_BACKROLLER_PLUS_von_ORTLIEB.jpeg?fit=500%2C576&amp;ssl=1\" data-orig-size=\"500,576\" data-comments-opened=\"1\" data-image-meta=\"{&quot;aperture&quot;:&quot;0&quot;,&quot;credit&quot;:&quot;&quot;,&quot;camera&quot;:&quot;&quot;,&quot;caption&quot;:&quot;&quot;,&quot;created_timestamp&quot;:&quot;0&quot;,&quot;copyright&quot;:&quot;&quot;,&quot;focal_length&quot;:&quot;0&quot;,&quot;iso&quot;:&quot;0&quot;,&quot;shutter_speed&quot;:&quot;0&quot;,&quot;title&quot;:&quot;&quot;,&quot;orientation&quot;:&quot;0&quot;}\" data-image-title=\"BACKROLLER_PLUS_von_ORTLIEB\" data-image-description=\"\" data-image-caption=\"\" data-medium-file=\"https:\/\/i0.wp.com\/blog.biketravel.net\/wp-content\/uploads\/2011\/12\/312841_06_BACKROLLER_PLUS_von_ORTLIEB.jpeg?fit=260%2C300&amp;ssl=1\" data-large-file=\"https:\/\/i0.wp.com\/blog.biketravel.net\/wp-content\/uploads\/2011\/12\/312841_06_BACKROLLER_PLUS_von_ORTLIEB.jpeg?fit=500%2C576&amp;ssl=1\" class=\"size-thumbnail wp-image-1634 alignleft\" title=\"BACKROLLER PLUS von ORTLIEB\" alt=\"BACKROLLER PLUS von ORTLIEB\" src=\"https:\/\/i0.wp.com\/blog.biketravel.net\/wp-content\/uploads\/2011\/12\/312841_06_BACKROLLER_PLUS_von_ORTLIEB.jpeg?resize=150%2C150&#038;ssl=1\" width=\"150\" height=\"150\" srcset=\"https:\/\/i0.wp.com\/blog.biketravel.net\/wp-content\/uploads\/2011\/12\/312841_06_BACKROLLER_PLUS_von_ORTLIEB.jpeg?resize=150%2C150&amp;ssl=1 150w, https:\/\/i0.wp.com\/blog.biketravel.net\/wp-content\/uploads\/2011\/12\/312841_06_BACKROLLER_PLUS_von_ORTLIEB.jpeg?resize=144%2C144&amp;ssl=1 144w, https:\/\/i0.wp.com\/blog.biketravel.net\/wp-content\/uploads\/2011\/12\/312841_06_BACKROLLER_PLUS_von_ORTLIEB.jpeg?resize=500%2C500&amp;ssl=1 500w, https:\/\/i0.wp.com\/blog.biketravel.net\/wp-content\/uploads\/2011\/12\/312841_06_BACKROLLER_PLUS_von_ORTLIEB.jpeg?zoom=2&amp;resize=150%2C150&amp;ssl=1 300w, https:\/\/i0.wp.com\/blog.biketravel.net\/wp-content\/uploads\/2011\/12\/312841_06_BACKROLLER_PLUS_von_ORTLIEB.jpeg?zoom=3&amp;resize=150%2C150&amp;ssl=1 450w\" sizes=\"auto, (max-width: 150px) 100vw, 150px\" \/><\/a><\/p>\n<p>Ich nutze schon seit Jahren die Taschen von Ortlieb. Dies v.a. da man sich bei diesen darauf verlassen kann, dass der Inhalt auch nach einem oder mehreren Regentage noch immer trocken ist. Es gibt nicht schlimmeres als von nassen in wiederum nasse Kleider wechseln zu m\u00fcssen&#8230;<br \/>\nF\u00fcr meine erste Reise nach S\u00fcdamerika wechselte ich f\u00fcr einmal auf einen Anh\u00e4nger (Ibex von BOB), entschied aber f\u00fcr diese Reise wieder mit Taschen unterwegs zu sein. Dies v.a., da ich so f\u00fcr (Flug-)transporte mein Gesamtgewicht reduzieren kann (was sich direkt finanziell auswirkt). Mit dem Anh\u00e4nger selbst war ich sehr zufrieden.<br \/>\nDie Taschen haben dann auch die 18 Monate lange Reise \u00fcber 16&#8217;000km gut bis sehr gut \u00fcberstanden. Definitiv empfehlenswert.<\/p>\n<p><strong>Zelt<\/strong><\/p>\n<p><a title=\"http:\/\/hilleberg.se\" href=\"http:\/\/hilleberg.se\" target=\"_blank\"><img data-recalc-dims=\"1\" loading=\"lazy\" decoding=\"async\" data-attachment-id=\"1005\" data-permalink=\"https:\/\/blog.biketravel.net\/de\/equipment\/equipment\/attachment\/nammatjgt\/\" data-orig-file=\"https:\/\/i0.wp.com\/blog.biketravel.net\/wp-content\/uploads\/2011\/12\/NammatjGT.jpg?fit=540%2C221&amp;ssl=1\" data-orig-size=\"540,221\" data-comments-opened=\"1\" data-image-meta=\"{&quot;aperture&quot;:&quot;0&quot;,&quot;credit&quot;:&quot;&quot;,&quot;camera&quot;:&quot;&quot;,&quot;caption&quot;:&quot;&quot;,&quot;created_timestamp&quot;:&quot;0&quot;,&quot;copyright&quot;:&quot;&quot;,&quot;focal_length&quot;:&quot;0&quot;,&quot;iso&quot;:&quot;0&quot;,&quot;shutter_speed&quot;:&quot;0&quot;,&quot;title&quot;:&quot;&quot;,&quot;orientation&quot;:&quot;0&quot;}\" data-image-title=\"NammatjGT\" data-image-description=\"\" data-image-caption=\"\" data-medium-file=\"https:\/\/i0.wp.com\/blog.biketravel.net\/wp-content\/uploads\/2011\/12\/NammatjGT.jpg?fit=300%2C123&amp;ssl=1\" data-large-file=\"https:\/\/i0.wp.com\/blog.biketravel.net\/wp-content\/uploads\/2011\/12\/NammatjGT.jpg?fit=540%2C221&amp;ssl=1\" class=\"size-medium wp-image-1005 alignleft\" title=\"NammatjGT von Hilleberg\" alt=\"NammatjGT von Hilleberg\" src=\"https:\/\/i0.wp.com\/blog.biketravel.net\/wp-content\/uploads\/2011\/12\/NammatjGT.jpg?resize=300%2C122&#038;ssl=1\" width=\"300\" height=\"122\" \/><\/a><\/p>\n<p>Viele Jahre lang hatte ich ein Sierra Leone von Salewa. Als dieses dann aber den Geist aufgab, entschloss ich mich, ein Nammatj 2 GT von <a title=\"http:\/\/hilleberg.se\" href=\"http:\/\/hilleberg.se\" target=\"_blank\">Hilleberg<\/a> anzuschaffen. Dieses ist sicher nicht das g\u00fcnstigste Zelt aber bis jetzt habe ich damit in Patagonien und Island nur gute Erfahrungen gemacht. Es gibt nichts schlimmeres als ein Zelt, welches nicht dicht ist oder sich im Sturm in seine Einzelteile zerlegt. Zudem produziert Hilleberg immer noch in Europa, was ich gut und unterst\u00fctzenswert finde. Ich nutzte dieses Zelt in S\u00fcdamerika und war sehr zufrieden damit.<\/p>\n<p>In Nordamerika wechselte ich auf ein kleineres Zelt, da mir das Hilleberg f\u00fcr mich alleine zu gross war. Dabei entschied ich mich f\u00fcr ein <a title=\"http:\/\/www.rei.com\/product\/827785\/rei-quarter-dome-t2-tent\" href=\"http:\/\/www.rei.com\/product\/827785\/rei-quarter-dome-t2-tent\" target=\"_blank\">Quarter Dome T2 von REI<\/a>. Dieses hat definitiv nicht die Qualit\u00e4t eines Hillebergs aber war bis jetzt gut genug. Zudem war es erheblich g\u00fcnstiger und dann ist es auch nicht so schlimm, wenn <a title=\"Brookings \u2013 Seattle: Raccoons\" href=\"https:\/\/blog.biketravel.net\/de\/bike-around-the-world\/brookings-seattle\/\" target=\"_blank\">ein Rakkoon ein Loch hinein reisst<\/a>&#8230;<\/p>\n<p><strong>Kocher<\/strong><\/p>\n<p><a title=\"http:\/\/msrcorp.com\/\" href=\"http:\/\/msrcorp.com\/\" target=\"_blank\"><img data-recalc-dims=\"1\" loading=\"lazy\" decoding=\"async\" data-attachment-id=\"1018\" data-permalink=\"https:\/\/blog.biketravel.net\/de\/equipment\/equipment\/attachment\/dragon_fly\/\" data-orig-file=\"https:\/\/i0.wp.com\/blog.biketravel.net\/wp-content\/uploads\/2011\/12\/dragon_fly.jpg?fit=442%2C300&amp;ssl=1\" data-orig-size=\"442,300\" data-comments-opened=\"1\" data-image-meta=\"{&quot;aperture&quot;:&quot;0&quot;,&quot;credit&quot;:&quot;&quot;,&quot;camera&quot;:&quot;&quot;,&quot;caption&quot;:&quot;&quot;,&quot;created_timestamp&quot;:&quot;0&quot;,&quot;copyright&quot;:&quot;&quot;,&quot;focal_length&quot;:&quot;0&quot;,&quot;iso&quot;:&quot;0&quot;,&quot;shutter_speed&quot;:&quot;0&quot;,&quot;title&quot;:&quot;&quot;,&quot;orientation&quot;:&quot;0&quot;}\" data-image-title=\"dragon_fly\" data-image-description=\"\" data-image-caption=\"\" data-medium-file=\"https:\/\/i0.wp.com\/blog.biketravel.net\/wp-content\/uploads\/2011\/12\/dragon_fly.jpg?fit=300%2C204&amp;ssl=1\" data-large-file=\"https:\/\/i0.wp.com\/blog.biketravel.net\/wp-content\/uploads\/2011\/12\/dragon_fly.jpg?fit=442%2C300&amp;ssl=1\" class=\"size-medium wp-image-1018 alignleft\" title=\"DragonFly von MSR\" alt=\"DragonFly von MSR\" src=\"https:\/\/i0.wp.com\/blog.biketravel.net\/wp-content\/uploads\/2011\/12\/dragon_fly.jpg?resize=300%2C203&#038;ssl=1\" width=\"300\" height=\"203\" \/><\/a><\/p>\n<p>Als Kocher nutze ich schon seit Jahren (bzw. schon mehr als ein Jahrzehnt), den Dragonfly Benzinkocher von <a title=\"http:\/\/msrcorp.com\/\" href=\"http:\/\/msrcorp.com\/\" target=\"_blank\">MSR<\/a>. Dieser geh\u00f6rt sicher nicht zu den leisesten Kreaturen. Man weiss aber so auch immer, wo gerade jemand am Kochen ist ;-).<\/p>\n<p>Benzin hat den Vorteil, dass es so gut wie \u00fcberall verf\u00fcgbar ist, wenn auch in unterschiedlicher Qualit\u00e4t. Bei Gas kann dies unter Umst\u00e4nden etwas schwieriger sein. Manche schw\u00f6ren auf spezielles Reinbenzin (White Gas). Ich nutze meist normales Benzin von der Tankstelle. Dies ist erheblich g\u00fcnstiger.<\/p>","protected":false},"excerpt":{"rendered":"<p>Ich verzichte darauf hier alle Details aufzulisten und halte mich kurz. Fahrrad Die letzten gut 10 Jahre hat mich immer mein Papalagi von MTBCyclech auf meinen Reisen begleitet. Und da ich in dieser Zeit nur sehr wenige Probleme hatte, lag es auf der Hand, dass ich mir f\u00fcr mein Grossprojekt ab 2012 wiederum einen Papalagi [&hellip;]<\/p>\n","protected":false},"author":1346,"featured_media":0,"parent":994,"menu_order":0,"comment_status":"closed","ping_status":"closed","template":"","meta":{"jetpack_post_was_ever_published":false,"footnotes":""},"class_list":["post-1002","page","type-page","status-publish","czr-hentry"],"yoast_head":"<!-- This site is optimized with the Yoast SEO plugin v27.3 - https:\/\/yoast.com\/product\/yoast-seo-wordpress\/ -->\n<title>Used equipment \/ Benutzte Ausr\u00fcstung - biketravel.net<\/title>\n<meta name=\"robots\" content=\"index, follow, max-snippet:-1, max-image-preview:large, max-video-preview:-1\" \/>\n<link rel=\"canonical\" href=\"https:\/\/blog.biketravel.net\/de\/equipment\/equipment\/\" \/>\n<meta name=\"twitter:label1\" content=\"Gesch\u00e4tzte Lesezeit\" \/>\n\t<meta name=\"twitter:data1\" content=\"3\u00a0Minuten\" \/>\n<script type=\"application\/ld+json\" class=\"yoast-schema-graph\">{\"@context\":\"https:\\\/\\\/schema.org\",\"@graph\":[{\"@type\":\"WebPage\",\"@id\":\"https:\\\/\\\/blog.biketravel.net\\\/de\\\/equipment\\\/equipment\\\/\",\"url\":\"https:\\\/\\\/blog.biketravel.net\\\/de\\\/equipment\\\/equipment\\\/\",\"name\":\"Used equipment \\\/ Benutzte Ausr\u00fcstung - biketravel.net\",\"isPartOf\":{\"@id\":\"https:\\\/\\\/blog.biketravel.net\\\/de\\\/#website\"},\"primaryImageOfPage\":{\"@id\":\"https:\\\/\\\/blog.biketravel.net\\\/de\\\/equipment\\\/equipment\\\/#primaryimage\"},\"image\":{\"@id\":\"https:\\\/\\\/blog.biketravel.net\\\/de\\\/equipment\\\/equipment\\\/#primaryimage\"},\"thumbnailUrl\":\"https:\\\/\\\/blog.biketravel.net\\\/wp-content\\\/uploads\\\/2011\\\/12\\\/Papalagi.jpg\",\"datePublished\":\"2011-12-29T17:52:23+00:00\",\"dateModified\":\"2018-04-13T22:40:16+00:00\",\"breadcrumb\":{\"@id\":\"https:\\\/\\\/blog.biketravel.net\\\/de\\\/equipment\\\/equipment\\\/#breadcrumb\"},\"inLanguage\":\"de\",\"potentialAction\":[{\"@type\":\"ReadAction\",\"target\":[\"https:\\\/\\\/blog.biketravel.net\\\/de\\\/equipment\\\/equipment\\\/\"]}]},{\"@type\":\"ImageObject\",\"inLanguage\":\"de\",\"@id\":\"https:\\\/\\\/blog.biketravel.net\\\/de\\\/equipment\\\/equipment\\\/#primaryimage\",\"url\":\"https:\\\/\\\/blog.biketravel.net\\\/wp-content\\\/uploads\\\/2011\\\/12\\\/Papalagi.jpg\",\"contentUrl\":\"https:\\\/\\\/blog.biketravel.net\\\/wp-content\\\/uploads\\\/2011\\\/12\\\/Papalagi.jpg\"},{\"@type\":\"BreadcrumbList\",\"@id\":\"https:\\\/\\\/blog.biketravel.net\\\/de\\\/equipment\\\/equipment\\\/#breadcrumb\",\"itemListElement\":[{\"@type\":\"ListItem\",\"position\":1,\"name\":\"Home\",\"item\":\"https:\\\/\\\/blog.biketravel.net\\\/de\\\/\"},{\"@type\":\"ListItem\",\"position\":2,\"name\":\"Equipment\",\"item\":\"https:\\\/\\\/blog.biketravel.net\\\/en\\\/equipment\\\/\"},{\"@type\":\"ListItem\",\"position\":3,\"name\":\"Bike &#038; Co\"}]},{\"@type\":\"WebSite\",\"@id\":\"https:\\\/\\\/blog.biketravel.net\\\/de\\\/#website\",\"url\":\"https:\\\/\\\/blog.biketravel.net\\\/de\\\/\",\"name\":\"Cycle the world - biketravel.net\",\"description\":\"A road full of adventures...\",\"potentialAction\":[{\"@type\":\"SearchAction\",\"target\":{\"@type\":\"EntryPoint\",\"urlTemplate\":\"https:\\\/\\\/blog.biketravel.net\\\/de\\\/?s={search_term_string}\"},\"query-input\":{\"@type\":\"PropertyValueSpecification\",\"valueRequired\":true,\"valueName\":\"search_term_string\"}}],\"inLanguage\":\"de\"}]}<\/script>\n<!-- \/ Yoast SEO plugin. -->","yoast_head_json":{"title":"Used equipment \/ Benutzte Ausr\u00fcstung - biketravel.net","robots":{"index":"index","follow":"follow","max-snippet":"max-snippet:-1","max-image-preview":"max-image-preview:large","max-video-preview":"max-video-preview:-1"},"canonical":"https:\/\/blog.biketravel.net\/de\/equipment\/equipment\/","twitter_misc":{"Gesch\u00e4tzte Lesezeit":"3\u00a0Minuten"},"schema":{"@context":"https:\/\/schema.org","@graph":[{"@type":"WebPage","@id":"https:\/\/blog.biketravel.net\/de\/equipment\/equipment\/","url":"https:\/\/blog.biketravel.net\/de\/equipment\/equipment\/","name":"Used equipment \/ Benutzte Ausr\u00fcstung - biketravel.net","isPartOf":{"@id":"https:\/\/blog.biketravel.net\/de\/#website"},"primaryImageOfPage":{"@id":"https:\/\/blog.biketravel.net\/de\/equipment\/equipment\/#primaryimage"},"image":{"@id":"https:\/\/blog.biketravel.net\/de\/equipment\/equipment\/#primaryimage"},"thumbnailUrl":"https:\/\/blog.biketravel.net\/wp-content\/uploads\/2011\/12\/Papalagi.jpg","datePublished":"2011-12-29T17:52:23+00:00","dateModified":"2018-04-13T22:40:16+00:00","breadcrumb":{"@id":"https:\/\/blog.biketravel.net\/de\/equipment\/equipment\/#breadcrumb"},"inLanguage":"de","potentialAction":[{"@type":"ReadAction","target":["https:\/\/blog.biketravel.net\/de\/equipment\/equipment\/"]}]},{"@type":"ImageObject","inLanguage":"de","@id":"https:\/\/blog.biketravel.net\/de\/equipment\/equipment\/#primaryimage","url":"https:\/\/blog.biketravel.net\/wp-content\/uploads\/2011\/12\/Papalagi.jpg","contentUrl":"https:\/\/blog.biketravel.net\/wp-content\/uploads\/2011\/12\/Papalagi.jpg"},{"@type":"BreadcrumbList","@id":"https:\/\/blog.biketravel.net\/de\/equipment\/equipment\/#breadcrumb","itemListElement":[{"@type":"ListItem","position":1,"name":"Home","item":"https:\/\/blog.biketravel.net\/de\/"},{"@type":"ListItem","position":2,"name":"Equipment","item":"https:\/\/blog.biketravel.net\/en\/equipment\/"},{"@type":"ListItem","position":3,"name":"Bike &#038; Co"}]},{"@type":"WebSite","@id":"https:\/\/blog.biketravel.net\/de\/#website","url":"https:\/\/blog.biketravel.net\/de\/","name":"Cycle the world - biketravel.net","description":"A road full of adventures...","potentialAction":[{"@type":"SearchAction","target":{"@type":"EntryPoint","urlTemplate":"https:\/\/blog.biketravel.net\/de\/?s={search_term_string}"},"query-input":{"@type":"PropertyValueSpecification","valueRequired":true,"valueName":"search_term_string"}}],"inLanguage":"de"}]}},"jetpack_shortlink":"https:\/\/wp.me\/PcO9X7-ga","jetpack_sharing_enabled":true,"_links":{"self":[{"href":"https:\/\/blog.biketravel.net\/de\/wp-json\/wp\/v2\/pages\/1002","targetHints":{"allow":["GET"]}}],"collection":[{"href":"https:\/\/blog.biketravel.net\/de\/wp-json\/wp\/v2\/pages"}],"about":[{"href":"https:\/\/blog.biketravel.net\/de\/wp-json\/wp\/v2\/types\/page"}],"author":[{"embeddable":true,"href":"https:\/\/blog.biketravel.net\/de\/wp-json\/wp\/v2\/users\/1346"}],"replies":[{"embeddable":true,"href":"https:\/\/blog.biketravel.net\/de\/wp-json\/wp\/v2\/comments?post=1002"}],"version-history":[{"count":1,"href":"https:\/\/blog.biketravel.net\/de\/wp-json\/wp\/v2\/pages\/1002\/revisions"}],"predecessor-version":[{"id":6673,"href":"https:\/\/blog.biketravel.net\/de\/wp-json\/wp\/v2\/pages\/1002\/revisions\/6673"}],"up":[{"embeddable":true,"href":"https:\/\/blog.biketravel.net\/de\/wp-json\/wp\/v2\/pages\/994"}],"wp:attachment":[{"href":"https:\/\/blog.biketravel.net\/de\/wp-json\/wp\/v2\/media?parent=1002"}],"curies":[{"name":"wp","href":"https:\/\/api.w.org\/{rel}","templated":true}]}}