{"id":1035,"date":"2011-12-30T09:54:19","date_gmt":"2011-12-30T08:54:19","guid":{"rendered":"https:\/\/blog.biketravel.net\/?page_id=1035"},"modified":"2012-09-23T03:09:17","modified_gmt":"2012-09-23T02:09:17","slug":"books-maps","status":"publish","type":"page","link":"https:\/\/blog.biketravel.net\/de\/equipment\/books-maps\/","title":{"rendered":"B\u00fccher &#038; Karten"},"content":{"rendered":"<p>Nachfolgend die Liste der wichtigsten B\u00fccher und Karten, die ich verwendet habe. Die Produkte sind jeweils zu <a title=\"Amazon.de\" href=\"http:\/\/www.amazon.de\/?_encoding=UTF8&amp;site-redirect=de&amp;tag=biketravelnet&amp;linkCode=ur2&amp;camp=1638&amp;creative=6742\" target=\"_blank\">Amazon.de<\/a> verlinkt. Wenn Ihr die (und andere) Produkte bei <a title=\"Amazon.de\" href=\"http:\/\/www.amazon.de\/?_encoding=UTF8&amp;site-redirect=de&amp;tag=biketravelnet&amp;linkCode=ur2&amp;camp=1638&amp;creative=6742\" target=\"_blank\">Amazon.de<\/a> \u00fcber diesen Link kauft, dann unterst\u00fctzt Ihr damit auch diese Webseite bzw. mich. F\u00fcr Euch fallen aber keine Zusatzkosten an. Ihr k\u00f6nnt die Produkte aber selbstverst\u00e4ndlich auch beim Buchh\u00e4ndler eures Vertrauens in der N\u00e4he kaufen. Die brauchen schliesslich auch Umsatz :-). Weitere B\u00fccher zu anderen Reisen findet Ihr unter <a title=\"http:\/\/www.biketravel.net\" href=\"http:\/\/www.biketravel.net\/index.php?id=203&amp;L=4&amp;tx_ablinklist_pi1[action]=getviewcatalog&amp;tx_ablinklist_pi1[category_uid]=32&amp;tx_ablinklist_pi1[cid]=504&amp;cHash=17b2cd8af9baac895ad5705c8e594c9c\" target=\"_blank\">www.biketravel.net<\/a>.<\/p>\n<p><span style=\"text-decoration: underline;\"><strong>Chile\/Argentinien<\/strong><\/span><\/p>\n<p><strong>Karten<\/strong><\/p>\n<p>In Chile nutzte ich vorwiegend die Strassenkarte von Copec. Sie ist zwar nicht sehr detailiert aber reicht meistens aus. Sie kann an den Tankstellen von Copec gekauft werden.<\/p>\n<p><strong>B\u00fccher<\/strong><\/p>\n<p><a title=\"Carretera Austral\" href=\"http:\/\/www.amazon.de\/Chile-Carretera-Austral-Traumstra%C3%9Fe-Chiles\/dp\/3866862318\/biketravelnet\" target=\"_blank\"><img data-recalc-dims=\"1\" loading=\"lazy\" decoding=\"async\" data-attachment-id=\"1041\" data-permalink=\"https:\/\/blog.biketravel.net\/de\/equipment\/books-maps\/attachment\/buch_carretera_austral-2\/\" data-orig-file=\"https:\/\/i0.wp.com\/blog.biketravel.net\/wp-content\/uploads\/2011\/12\/buch_carretera_austral1.jpg?fit=300%2C300&amp;ssl=1\" data-orig-size=\"300,300\" data-comments-opened=\"1\" data-image-meta=\"{&quot;aperture&quot;:&quot;0&quot;,&quot;credit&quot;:&quot;&quot;,&quot;camera&quot;:&quot;&quot;,&quot;caption&quot;:&quot;&quot;,&quot;created_timestamp&quot;:&quot;0&quot;,&quot;copyright&quot;:&quot;&quot;,&quot;focal_length&quot;:&quot;0&quot;,&quot;iso&quot;:&quot;0&quot;,&quot;shutter_speed&quot;:&quot;0&quot;,&quot;title&quot;:&quot;&quot;,&quot;orientation&quot;:&quot;0&quot;}\" data-image-title=\"Carretera Austral\" data-image-description=\"\" data-image-caption=\"\" data-large-file=\"https:\/\/i0.wp.com\/blog.biketravel.net\/wp-content\/uploads\/2011\/12\/buch_carretera_austral1.jpg?fit=300%2C300&amp;ssl=1\" class=\"alignleft size-thumbnail wp-image-1041\" title=\"Carretera Austral\" src=\"https:\/\/i0.wp.com\/blog.biketravel.net\/wp-content\/uploads\/2011\/12\/buch_carretera_austral1.jpg?resize=150%2C150&#038;ssl=1\" alt=\"Carretera Austral\" width=\"150\" height=\"150\" srcset=\"https:\/\/i0.wp.com\/blog.biketravel.net\/wp-content\/uploads\/2011\/12\/buch_carretera_austral1.jpg?resize=150%2C150&amp;ssl=1 150w, https:\/\/i0.wp.com\/blog.biketravel.net\/wp-content\/uploads\/2011\/12\/buch_carretera_austral1.jpg?resize=144%2C144&amp;ssl=1 144w, https:\/\/i0.wp.com\/blog.biketravel.net\/wp-content\/uploads\/2011\/12\/buch_carretera_austral1.jpg?w=300&amp;ssl=1 300w\" sizes=\"auto, (max-width: 150px) 100vw, 150px\" \/><\/a><strong><a title=\"http:\/\/www.amazon.de\/Chile-Carretera-Austral-Traumstra%C3%9Fe-Chiles\/dp\/3866862318\/biketravelnet\" href=\"http:\/\/www.amazon.de\/Chile-Carretera-Austral-Traumstra%C3%9Fe-Chiles\/dp\/3866862318\/biketravelnet\" target=\"_blank\">Chile: Carretera Austral<\/a><\/strong><\/p>\n<p>Die Traumstra\u00dfe im S\u00fcden Chiles<\/p>\n<p>Ein Radreisef\u00fchrer spezifisch zur Carretera Austral. Ich habe diesen auf der Reise sehr intensiv genutzt. Ausgabe vom Februar 2009.<\/p>\n<p>ISBN-10: 3866862318<\/p>\n<p>ISBN-13: 978-3866862319<\/p>\n<p><a title=\"Lonely Planet Reisef\u00fchrer Chile &amp; Osterinsel\" href=\"http:\/\/www.amazon.de\/Lonely-Planet-Reisef%C3%BChrer-Chile-Osterinsel\/dp\/3829716486\/biketravelnet\" target=\"_blank\"><img data-recalc-dims=\"1\" loading=\"lazy\" decoding=\"async\" data-attachment-id=\"1040\" data-permalink=\"https:\/\/blog.biketravel.net\/de\/equipment\/books-maps\/attachment\/lonelyplanet_chile\/\" data-orig-file=\"https:\/\/i0.wp.com\/blog.biketravel.net\/wp-content\/uploads\/2011\/12\/LonelyPlanet_Chile.jpg?fit=300%2C300&amp;ssl=1\" data-orig-size=\"300,300\" data-comments-opened=\"1\" data-image-meta=\"{&quot;aperture&quot;:&quot;0&quot;,&quot;credit&quot;:&quot;&quot;,&quot;camera&quot;:&quot;&quot;,&quot;caption&quot;:&quot;&quot;,&quot;created_timestamp&quot;:&quot;0&quot;,&quot;copyright&quot;:&quot;&quot;,&quot;focal_length&quot;:&quot;0&quot;,&quot;iso&quot;:&quot;0&quot;,&quot;shutter_speed&quot;:&quot;0&quot;,&quot;title&quot;:&quot;&quot;,&quot;orientation&quot;:&quot;0&quot;}\" data-image-title=\"Lonely Planet Chile\" data-image-description=\"\" data-image-caption=\"\" data-large-file=\"https:\/\/i0.wp.com\/blog.biketravel.net\/wp-content\/uploads\/2011\/12\/LonelyPlanet_Chile.jpg?fit=300%2C300&amp;ssl=1\" class=\"alignleft size-thumbnail wp-image-1040\" title=\"Lonely Planet Chile\" src=\"https:\/\/i0.wp.com\/blog.biketravel.net\/wp-content\/uploads\/2011\/12\/LonelyPlanet_Chile.jpg?resize=150%2C150&#038;ssl=1\" alt=\"Lonely Planet Chile\" width=\"150\" height=\"150\" srcset=\"https:\/\/i0.wp.com\/blog.biketravel.net\/wp-content\/uploads\/2011\/12\/LonelyPlanet_Chile.jpg?resize=150%2C150&amp;ssl=1 150w, https:\/\/i0.wp.com\/blog.biketravel.net\/wp-content\/uploads\/2011\/12\/LonelyPlanet_Chile.jpg?resize=144%2C144&amp;ssl=1 144w, https:\/\/i0.wp.com\/blog.biketravel.net\/wp-content\/uploads\/2011\/12\/LonelyPlanet_Chile.jpg?w=300&amp;ssl=1 300w\" sizes=\"auto, (max-width: 150px) 100vw, 150px\" \/><\/a><strong><a title=\"Lonely Planet Reisef\u00fchrer Chile &amp; Osterinsel\" href=\"http:\/\/www.amazon.de\/Lonely-Planet-Reisef%C3%BChrer-Chile-Osterinsel\/dp\/3829716486\/biketravelnet\" target=\"_blank\">Lonely Planet Reisef\u00fchrer Chile &amp; Osterinsel<\/a><\/strong><\/p>\n<p>Zwar ist dieser F\u00fchrer nicht immer aktuell, aber ich fand ihn doch recht n\u00fctzlich. H\u00e4ufig findet man hier die Informationen, die in anderen B\u00fccher fehlen. Es kann aber gut sein, dass z.B. ein Gesch\u00e4ft in der Zwischenzeit die Adresse gewechselt hat. Ausgabe vom August 2009.<\/p>\n<p>ISBN-10: 3829716486<\/p>\n<p>ISBN-13: 978-3829716482<\/p>\n<p><a title=\"Patagonien: Trekking Guide\" href=\"http:\/\/www.amazon.de\/Patagonien-Trekking-Guide-Ralf-Cantzhorn\/dp\/3765440337\/biketravelnet\" target=\"_blank\"><img data-recalc-dims=\"1\" loading=\"lazy\" decoding=\"async\" data-attachment-id=\"1055\" data-permalink=\"https:\/\/blog.biketravel.net\/de\/equipment\/books-maps\/attachment\/trekkingguide_patagonien\/\" data-orig-file=\"https:\/\/i0.wp.com\/blog.biketravel.net\/wp-content\/uploads\/2011\/12\/TrekkingGuide_Patagonien.jpg?fit=300%2C300&amp;ssl=1\" data-orig-size=\"300,300\" data-comments-opened=\"1\" data-image-meta=\"{&quot;aperture&quot;:&quot;0&quot;,&quot;credit&quot;:&quot;&quot;,&quot;camera&quot;:&quot;&quot;,&quot;caption&quot;:&quot;&quot;,&quot;created_timestamp&quot;:&quot;0&quot;,&quot;copyright&quot;:&quot;&quot;,&quot;focal_length&quot;:&quot;0&quot;,&quot;iso&quot;:&quot;0&quot;,&quot;shutter_speed&quot;:&quot;0&quot;,&quot;title&quot;:&quot;&quot;,&quot;orientation&quot;:&quot;0&quot;}\" data-image-title=\"Patagonien Trekking Guide\" data-image-description=\"\" data-image-caption=\"\" data-large-file=\"https:\/\/i0.wp.com\/blog.biketravel.net\/wp-content\/uploads\/2011\/12\/TrekkingGuide_Patagonien.jpg?fit=300%2C300&amp;ssl=1\" class=\"alignleft size-thumbnail wp-image-1055\" title=\"Patagonien Trekking Guide\" src=\"https:\/\/i0.wp.com\/blog.biketravel.net\/wp-content\/uploads\/2011\/12\/TrekkingGuide_Patagonien.jpg?resize=150%2C150&#038;ssl=1\" alt=\"Patagonien Trekking Guide\" width=\"150\" height=\"150\" srcset=\"https:\/\/i0.wp.com\/blog.biketravel.net\/wp-content\/uploads\/2011\/12\/TrekkingGuide_Patagonien.jpg?resize=150%2C150&amp;ssl=1 150w, https:\/\/i0.wp.com\/blog.biketravel.net\/wp-content\/uploads\/2011\/12\/TrekkingGuide_Patagonien.jpg?resize=144%2C144&amp;ssl=1 144w, https:\/\/i0.wp.com\/blog.biketravel.net\/wp-content\/uploads\/2011\/12\/TrekkingGuide_Patagonien.jpg?w=300&amp;ssl=1 300w\" sizes=\"auto, (max-width: 150px) 100vw, 150px\" \/><\/a><strong><a title=\"Patagonien: Trekking Guide\" href=\"http:\/\/www.amazon.de\/Patagonien-Trekking-Guide-Ralf-Cantzhorn\/dp\/3765440337\/biketravelnet\" target=\"_blank\">Patagonien: Trekking Guide<\/a><\/strong><\/p>\n<p>Ein ausf\u00fchrlicher F\u00fchrer zu verschiedenen Trekking Touren in Patagonien inkl. Torres del Paine und anderer. Ausgabe vom Mai 2007<\/p>\n<p>ISBN-10: 3765440337<\/p>\n<p>ISBN-13: 978-3765440335<\/p>\n<p><strong><span style=\"text-decoration: underline;\">USA \/ Kanada<\/span><\/strong><\/p>\n<p><strong>Karten<\/strong><\/p>\n<p>F\u00fcr den Teil Los Angeles bis Seattle nutzte ich die Karten von <a title=\"http:\/\/www.adventurecycling.org\/\" href=\"http:\/\/www.adventurecycling.org\/\" target=\"_blank\">Adventure Cycling<\/a>. Diese sind nicht gerade g\u00fcnstig aber sie enthalten viele n\u00fctzliche Informationen betreffend Infrastruktur entlang der Route. Ansonsten kauft man sich am Besten eine Strassenkarte unterwegs, z.B. in einer Tankstelle oder Supermarkt. Was sich auch einigermassen bew\u00e4hrt hat ist Google Maps auf einem Smartphone. Am Besten funktioniert dies nat\u00fcrlich mit einem mobilem Internetzugang. Man kann Kartenbereiche aber auch vorher zwischen speichern (caching). Man sollte hier aber immer etwas kritisch sein, da gewisse Informationen nicht korrekt sind, z.B. Camping an falschem Ort eingezeichnet.<\/p>","protected":false},"excerpt":{"rendered":"<p>Nachfolgend die Liste der wichtigsten B\u00fccher und Karten, die ich verwendet habe. Die Produkte sind jeweils zu Amazon.de verlinkt. Wenn Ihr die (und andere) Produkte bei Amazon.de \u00fcber diesen Link kauft, dann unterst\u00fctzt Ihr damit auch diese Webseite bzw. mich. F\u00fcr Euch fallen aber keine Zusatzkosten an. Ihr k\u00f6nnt die Produkte aber selbstverst\u00e4ndlich auch beim [&hellip;]<\/p>\n","protected":false},"author":1346,"featured_media":1041,"parent":994,"menu_order":0,"comment_status":"open","ping_status":"closed","template":"","meta":{"jetpack_post_was_ever_published":false,"footnotes":""},"class_list":["post-1035","page","type-page","status-publish","has-post-thumbnail","czr-hentry"],"yoast_head":"<!-- This site is optimized with the Yoast SEO plugin v27.4 - https:\/\/yoast.com\/product\/yoast-seo-wordpress\/ -->\n<title>Books \/ Maps \/ B\u00fccher \/ Karten - biketravel.net<\/title>\n<meta name=\"description\" content=\"Books &amp; maps which I used on my cycling journeys. B\u00fccher und Karten welche ich auf meinen Fahrradreisen genutzt habe.\" \/>\n<meta name=\"robots\" content=\"index, follow, max-snippet:-1, max-image-preview:large, max-video-preview:-1\" \/>\n<link rel=\"canonical\" href=\"https:\/\/blog.biketravel.net\/en\/equipment\/books-maps\/\" \/>\n<meta name=\"twitter:label1\" content=\"Gesch\u00e4tzte Lesezeit\" \/>\n\t<meta name=\"twitter:data1\" content=\"2\u00a0Minuten\" \/>\n<script type=\"application\/ld+json\" class=\"yoast-schema-graph\">{\"@context\":\"https:\\\/\\\/schema.org\",\"@graph\":[{\"@type\":\"WebPage\",\"@id\":\"https:\\\/\\\/blog.biketravel.net\\\/en\\\/equipment\\\/books-maps\\\/\",\"url\":\"https:\\\/\\\/blog.biketravel.net\\\/en\\\/equipment\\\/books-maps\\\/\",\"name\":\"Books \\\/ Maps \\\/ B\u00fccher \\\/ Karten - biketravel.net\",\"isPartOf\":{\"@id\":\"https:\\\/\\\/blog.biketravel.net\\\/de\\\/#website\"},\"primaryImageOfPage\":{\"@id\":\"https:\\\/\\\/blog.biketravel.net\\\/en\\\/equipment\\\/books-maps\\\/#primaryimage\"},\"image\":{\"@id\":\"https:\\\/\\\/blog.biketravel.net\\\/en\\\/equipment\\\/books-maps\\\/#primaryimage\"},\"thumbnailUrl\":\"https:\\\/\\\/i0.wp.com\\\/blog.biketravel.net\\\/wp-content\\\/uploads\\\/2011\\\/12\\\/buch_carretera_austral1.jpg?fit=300%2C300&ssl=1\",\"datePublished\":\"2011-12-30T08:54:19+00:00\",\"dateModified\":\"2012-09-23T02:09:17+00:00\",\"description\":\"Books & maps which I used on my cycling journeys. B\u00fccher und Karten welche ich auf meinen Fahrradreisen genutzt habe.\",\"breadcrumb\":{\"@id\":\"https:\\\/\\\/blog.biketravel.net\\\/en\\\/equipment\\\/books-maps\\\/#breadcrumb\"},\"inLanguage\":\"de\",\"potentialAction\":[{\"@type\":\"ReadAction\",\"target\":[\"https:\\\/\\\/blog.biketravel.net\\\/en\\\/equipment\\\/books-maps\\\/\"]}]},{\"@type\":\"ImageObject\",\"inLanguage\":\"de\",\"@id\":\"https:\\\/\\\/blog.biketravel.net\\\/en\\\/equipment\\\/books-maps\\\/#primaryimage\",\"url\":\"https:\\\/\\\/i0.wp.com\\\/blog.biketravel.net\\\/wp-content\\\/uploads\\\/2011\\\/12\\\/buch_carretera_austral1.jpg?fit=300%2C300&ssl=1\",\"contentUrl\":\"https:\\\/\\\/i0.wp.com\\\/blog.biketravel.net\\\/wp-content\\\/uploads\\\/2011\\\/12\\\/buch_carretera_austral1.jpg?fit=300%2C300&ssl=1\",\"width\":300,\"height\":300,\"caption\":\"Carretera Austral\"},{\"@type\":\"BreadcrumbList\",\"@id\":\"https:\\\/\\\/blog.biketravel.net\\\/en\\\/equipment\\\/books-maps\\\/#breadcrumb\",\"itemListElement\":[{\"@type\":\"ListItem\",\"position\":1,\"name\":\"Home\",\"item\":\"https:\\\/\\\/blog.biketravel.net\\\/de\\\/\"},{\"@type\":\"ListItem\",\"position\":2,\"name\":\"Equipment\",\"item\":\"https:\\\/\\\/blog.biketravel.net\\\/en\\\/equipment\\\/\"},{\"@type\":\"ListItem\",\"position\":3,\"name\":\"Books &#038; Maps\"}]},{\"@type\":\"WebSite\",\"@id\":\"https:\\\/\\\/blog.biketravel.net\\\/de\\\/#website\",\"url\":\"https:\\\/\\\/blog.biketravel.net\\\/de\\\/\",\"name\":\"Cycle the world - biketravel.net\",\"description\":\"A road full of adventures...\",\"potentialAction\":[{\"@type\":\"SearchAction\",\"target\":{\"@type\":\"EntryPoint\",\"urlTemplate\":\"https:\\\/\\\/blog.biketravel.net\\\/de\\\/?s={search_term_string}\"},\"query-input\":{\"@type\":\"PropertyValueSpecification\",\"valueRequired\":true,\"valueName\":\"search_term_string\"}}],\"inLanguage\":\"de\"}]}<\/script>\n<!-- \/ Yoast SEO plugin. -->","yoast_head_json":{"title":"Books \/ Maps \/ B\u00fccher \/ Karten - biketravel.net","description":"Books & maps which I used on my cycling journeys. B\u00fccher und Karten welche ich auf meinen Fahrradreisen genutzt habe.","robots":{"index":"index","follow":"follow","max-snippet":"max-snippet:-1","max-image-preview":"max-image-preview:large","max-video-preview":"max-video-preview:-1"},"canonical":"https:\/\/blog.biketravel.net\/en\/equipment\/books-maps\/","twitter_misc":{"Gesch\u00e4tzte Lesezeit":"2\u00a0Minuten"},"schema":{"@context":"https:\/\/schema.org","@graph":[{"@type":"WebPage","@id":"https:\/\/blog.biketravel.net\/en\/equipment\/books-maps\/","url":"https:\/\/blog.biketravel.net\/en\/equipment\/books-maps\/","name":"Books \/ Maps \/ B\u00fccher \/ Karten - biketravel.net","isPartOf":{"@id":"https:\/\/blog.biketravel.net\/de\/#website"},"primaryImageOfPage":{"@id":"https:\/\/blog.biketravel.net\/en\/equipment\/books-maps\/#primaryimage"},"image":{"@id":"https:\/\/blog.biketravel.net\/en\/equipment\/books-maps\/#primaryimage"},"thumbnailUrl":"https:\/\/i0.wp.com\/blog.biketravel.net\/wp-content\/uploads\/2011\/12\/buch_carretera_austral1.jpg?fit=300%2C300&ssl=1","datePublished":"2011-12-30T08:54:19+00:00","dateModified":"2012-09-23T02:09:17+00:00","description":"Books & maps which I used on my cycling journeys. B\u00fccher und Karten welche ich auf meinen Fahrradreisen genutzt habe.","breadcrumb":{"@id":"https:\/\/blog.biketravel.net\/en\/equipment\/books-maps\/#breadcrumb"},"inLanguage":"de","potentialAction":[{"@type":"ReadAction","target":["https:\/\/blog.biketravel.net\/en\/equipment\/books-maps\/"]}]},{"@type":"ImageObject","inLanguage":"de","@id":"https:\/\/blog.biketravel.net\/en\/equipment\/books-maps\/#primaryimage","url":"https:\/\/i0.wp.com\/blog.biketravel.net\/wp-content\/uploads\/2011\/12\/buch_carretera_austral1.jpg?fit=300%2C300&ssl=1","contentUrl":"https:\/\/i0.wp.com\/blog.biketravel.net\/wp-content\/uploads\/2011\/12\/buch_carretera_austral1.jpg?fit=300%2C300&ssl=1","width":300,"height":300,"caption":"Carretera Austral"},{"@type":"BreadcrumbList","@id":"https:\/\/blog.biketravel.net\/en\/equipment\/books-maps\/#breadcrumb","itemListElement":[{"@type":"ListItem","position":1,"name":"Home","item":"https:\/\/blog.biketravel.net\/de\/"},{"@type":"ListItem","position":2,"name":"Equipment","item":"https:\/\/blog.biketravel.net\/en\/equipment\/"},{"@type":"ListItem","position":3,"name":"Books &#038; Maps"}]},{"@type":"WebSite","@id":"https:\/\/blog.biketravel.net\/de\/#website","url":"https:\/\/blog.biketravel.net\/de\/","name":"Cycle the world - biketravel.net","description":"A road full of adventures...","potentialAction":[{"@type":"SearchAction","target":{"@type":"EntryPoint","urlTemplate":"https:\/\/blog.biketravel.net\/de\/?s={search_term_string}"},"query-input":{"@type":"PropertyValueSpecification","valueRequired":true,"valueName":"search_term_string"}}],"inLanguage":"de"}]}},"jetpack_shortlink":"https:\/\/wp.me\/PcO9X7-gH","jetpack_sharing_enabled":true,"_links":{"self":[{"href":"https:\/\/blog.biketravel.net\/de\/wp-json\/wp\/v2\/pages\/1035","targetHints":{"allow":["GET"]}}],"collection":[{"href":"https:\/\/blog.biketravel.net\/de\/wp-json\/wp\/v2\/pages"}],"about":[{"href":"https:\/\/blog.biketravel.net\/de\/wp-json\/wp\/v2\/types\/page"}],"author":[{"embeddable":true,"href":"https:\/\/blog.biketravel.net\/de\/wp-json\/wp\/v2\/users\/1346"}],"replies":[{"embeddable":true,"href":"https:\/\/blog.biketravel.net\/de\/wp-json\/wp\/v2\/comments?post=1035"}],"version-history":[{"count":0,"href":"https:\/\/blog.biketravel.net\/de\/wp-json\/wp\/v2\/pages\/1035\/revisions"}],"up":[{"embeddable":true,"href":"https:\/\/blog.biketravel.net\/de\/wp-json\/wp\/v2\/pages\/994"}],"wp:featuredmedia":[{"embeddable":true,"href":"https:\/\/blog.biketravel.net\/de\/wp-json\/wp\/v2\/media\/1041"}],"wp:attachment":[{"href":"https:\/\/blog.biketravel.net\/de\/wp-json\/wp\/v2\/media?parent=1035"}],"curies":[{"name":"wp","href":"https:\/\/api.w.org\/{rel}","templated":true}]}}