{"id":1503,"date":"2012-07-25T06:38:39","date_gmt":"2012-07-25T05:38:39","guid":{"rendered":"https:\/\/blog.biketravel.net\/?page_id=1503"},"modified":"2012-11-08T02:32:31","modified_gmt":"2012-11-08T01:32:31","slug":"to-support-this-website","status":"publish","type":"page","link":"https:\/\/blog.biketravel.net\/de\/about\/to-support-this-website\/","title":{"rendered":"Diese Seite unterst\u00fctzen"},"content":{"rendered":"<p>Der Betrieb einer Webseite ist nicht kostenlos. Ich m\u00f6chte aber darauf verzichten diesen Blog mit Werbung zu zu kleistern. Als Kompromiss habe ich einen Link auf Amazon.de und Amazon.com aufgeschaltet. Wenn Ihr die Webseite dieser Online-H\u00e4ndler \u00fcber diesen Link besucht bevor Ihr dort etwas kauft, dann gibt dies f\u00fcr mich eine kleine Entsch\u00e4digung. F\u00fcr Euch \u00e4ndert sich aber nichts und Ihr zahlt auch nicht mehr.<\/p>\n<p>Vielen Dank f\u00fcr Eure Unterst\u00fctzung!<\/p>\n<p>Hier nochmals die Links:<\/p>\n<p><a title=\"Amazon.de\" href=\"http:\/\/www.amazon.de\/?_encoding=UTF8&amp;camp=1638&amp;creative=6742&amp;linkCode=ur2&amp;site-redirect=de&amp;tag=biketravelnet\" target=\"_blank\">Amazon.de<\/a>: <iframe loading=\"lazy\" style=\"\" src=\"http:\/\/rcm-de.amazon.de\/e\/cm?t=biketravelnet&amp;o=3&amp;p=20&amp;l=ur1&amp;category=generic&amp;banner=1VH46RJT28QKG4Q5HM02&amp;f=ifr\" frameborder=\"0\" marginwidth=\"0\" scrolling=\"no\" width=\"120\" height=\"90\"><\/iframe><\/p>\n<p><a title=\"Amazon.com\" href=\"http:\/\/www.amazon.com\/?_encoding=UTF8&amp;camp=1789&amp;creative=9325&amp;linkCode=ur2&amp;tag=biketravelnet-20\" target=\"_blank\">Amazon.com<\/a>: <iframe loading=\"lazy\" style=\"\" src=\"http:\/\/rcm.amazon.com\/e\/cm?t=biketravelnet-20&amp;o=1&amp;p=40&amp;l=ur1&amp;category=books&amp;banner=01C0Z0F1JZARPFRFG382&amp;f=ifr\" frameborder=\"0\" marginwidth=\"0\" scrolling=\"no\" width=\"120\" height=\"60\"><\/iframe><\/p>","protected":false},"excerpt":{"rendered":"<p>Der Betrieb einer Webseite ist nicht kostenlos. Ich m\u00f6chte aber darauf verzichten diesen Blog mit Werbung zu zu kleistern. Als Kompromiss habe ich einen Link auf Amazon.de und Amazon.com aufgeschaltet. Wenn Ihr die Webseite dieser Online-H\u00e4ndler \u00fcber diesen Link besucht bevor Ihr dort etwas kauft, dann gibt dies f\u00fcr mich eine kleine Entsch\u00e4digung. F\u00fcr Euch [&hellip;]<\/p>\n","protected":false},"author":1346,"featured_media":0,"parent":10,"menu_order":0,"comment_status":"open","ping_status":"open","template":"","meta":{"jetpack_post_was_ever_published":false,"footnotes":""},"class_list":["post-1503","page","type-page","status-publish","czr-hentry"],"yoast_head":"<!-- This site is optimized with the Yoast SEO plugin v27.4 - https:\/\/yoast.com\/product\/yoast-seo-wordpress\/ -->\n<title>To support this website - biketravel.net<\/title>\n<meta name=\"robots\" content=\"index, follow, max-snippet:-1, max-image-preview:large, max-video-preview:-1\" \/>\n<link rel=\"canonical\" href=\"https:\/\/blog.biketravel.net\/de\/about\/to-support-this-website\/\" \/>\n<meta name=\"twitter:label1\" content=\"Gesch\u00e4tzte Lesezeit\" \/>\n\t<meta name=\"twitter:data1\" content=\"1\u00a0Minute\" \/>\n<script type=\"application\/ld+json\" class=\"yoast-schema-graph\">{\"@context\":\"https:\\\/\\\/schema.org\",\"@graph\":[{\"@type\":\"WebPage\",\"@id\":\"https:\\\/\\\/blog.biketravel.net\\\/de\\\/about\\\/to-support-this-website\\\/\",\"url\":\"https:\\\/\\\/blog.biketravel.net\\\/de\\\/about\\\/to-support-this-website\\\/\",\"name\":\"To support this website - biketravel.net\",\"isPartOf\":{\"@id\":\"https:\\\/\\\/blog.biketravel.net\\\/de\\\/#website\"},\"datePublished\":\"2012-07-25T05:38:39+00:00\",\"dateModified\":\"2012-11-08T01:32:31+00:00\",\"breadcrumb\":{\"@id\":\"https:\\\/\\\/blog.biketravel.net\\\/de\\\/about\\\/to-support-this-website\\\/#breadcrumb\"},\"inLanguage\":\"de\",\"potentialAction\":[{\"@type\":\"ReadAction\",\"target\":[\"https:\\\/\\\/blog.biketravel.net\\\/de\\\/about\\\/to-support-this-website\\\/\"]}]},{\"@type\":\"BreadcrumbList\",\"@id\":\"https:\\\/\\\/blog.biketravel.net\\\/de\\\/about\\\/to-support-this-website\\\/#breadcrumb\",\"itemListElement\":[{\"@type\":\"ListItem\",\"position\":1,\"name\":\"Home\",\"item\":\"https:\\\/\\\/blog.biketravel.net\\\/de\\\/\"},{\"@type\":\"ListItem\",\"position\":2,\"name\":\"Info\\\/Kontakt\",\"item\":\"https:\\\/\\\/blog.biketravel.net\\\/de\\\/about\\\/\"},{\"@type\":\"ListItem\",\"position\":3,\"name\":\"Diese Seite unterst\u00fctzen\"}]},{\"@type\":\"WebSite\",\"@id\":\"https:\\\/\\\/blog.biketravel.net\\\/de\\\/#website\",\"url\":\"https:\\\/\\\/blog.biketravel.net\\\/de\\\/\",\"name\":\"Cycle the world - biketravel.net\",\"description\":\"A road full of adventures...\",\"potentialAction\":[{\"@type\":\"SearchAction\",\"target\":{\"@type\":\"EntryPoint\",\"urlTemplate\":\"https:\\\/\\\/blog.biketravel.net\\\/de\\\/?s={search_term_string}\"},\"query-input\":{\"@type\":\"PropertyValueSpecification\",\"valueRequired\":true,\"valueName\":\"search_term_string\"}}],\"inLanguage\":\"de\"}]}<\/script>\n<!-- \/ Yoast SEO plugin. -->","yoast_head_json":{"title":"To support this website - biketravel.net","robots":{"index":"index","follow":"follow","max-snippet":"max-snippet:-1","max-image-preview":"max-image-preview:large","max-video-preview":"max-video-preview:-1"},"canonical":"https:\/\/blog.biketravel.net\/de\/about\/to-support-this-website\/","twitter_misc":{"Gesch\u00e4tzte Lesezeit":"1\u00a0Minute"},"schema":{"@context":"https:\/\/schema.org","@graph":[{"@type":"WebPage","@id":"https:\/\/blog.biketravel.net\/de\/about\/to-support-this-website\/","url":"https:\/\/blog.biketravel.net\/de\/about\/to-support-this-website\/","name":"To support this website - biketravel.net","isPartOf":{"@id":"https:\/\/blog.biketravel.net\/de\/#website"},"datePublished":"2012-07-25T05:38:39+00:00","dateModified":"2012-11-08T01:32:31+00:00","breadcrumb":{"@id":"https:\/\/blog.biketravel.net\/de\/about\/to-support-this-website\/#breadcrumb"},"inLanguage":"de","potentialAction":[{"@type":"ReadAction","target":["https:\/\/blog.biketravel.net\/de\/about\/to-support-this-website\/"]}]},{"@type":"BreadcrumbList","@id":"https:\/\/blog.biketravel.net\/de\/about\/to-support-this-website\/#breadcrumb","itemListElement":[{"@type":"ListItem","position":1,"name":"Home","item":"https:\/\/blog.biketravel.net\/de\/"},{"@type":"ListItem","position":2,"name":"Info\/Kontakt","item":"https:\/\/blog.biketravel.net\/de\/about\/"},{"@type":"ListItem","position":3,"name":"Diese Seite unterst\u00fctzen"}]},{"@type":"WebSite","@id":"https:\/\/blog.biketravel.net\/de\/#website","url":"https:\/\/blog.biketravel.net\/de\/","name":"Cycle the world - biketravel.net","description":"A road full of adventures...","potentialAction":[{"@type":"SearchAction","target":{"@type":"EntryPoint","urlTemplate":"https:\/\/blog.biketravel.net\/de\/?s={search_term_string}"},"query-input":{"@type":"PropertyValueSpecification","valueRequired":true,"valueName":"search_term_string"}}],"inLanguage":"de"}]}},"jetpack_shortlink":"https:\/\/wp.me\/PcO9X7-of","jetpack_sharing_enabled":true,"_links":{"self":[{"href":"https:\/\/blog.biketravel.net\/de\/wp-json\/wp\/v2\/pages\/1503","targetHints":{"allow":["GET"]}}],"collection":[{"href":"https:\/\/blog.biketravel.net\/de\/wp-json\/wp\/v2\/pages"}],"about":[{"href":"https:\/\/blog.biketravel.net\/de\/wp-json\/wp\/v2\/types\/page"}],"author":[{"embeddable":true,"href":"https:\/\/blog.biketravel.net\/de\/wp-json\/wp\/v2\/users\/1346"}],"replies":[{"embeddable":true,"href":"https:\/\/blog.biketravel.net\/de\/wp-json\/wp\/v2\/comments?post=1503"}],"version-history":[{"count":0,"href":"https:\/\/blog.biketravel.net\/de\/wp-json\/wp\/v2\/pages\/1503\/revisions"}],"up":[{"embeddable":true,"href":"https:\/\/blog.biketravel.net\/de\/wp-json\/wp\/v2\/pages\/10"}],"wp:attachment":[{"href":"https:\/\/blog.biketravel.net\/de\/wp-json\/wp\/v2\/media?parent=1503"}],"curies":[{"name":"wp","href":"https:\/\/api.w.org\/{rel}","templated":true}]}}