{"id":1971,"date":"2013-05-28T12:53:44","date_gmt":"2013-05-28T11:53:44","guid":{"rendered":"https:\/\/blog.biketravel.net\/?page_id=1971"},"modified":"2018-04-13T23:41:35","modified_gmt":"2018-04-13T22:41:35","slug":"newzealand","status":"publish","type":"page","link":"https:\/\/blog.biketravel.net\/de\/hints\/newzealand\/","title":{"rendered":"Neuseeland"},"content":{"rendered":"<p>Neuseeland ist ja bekannt als Destination f\u00fcr Fahrradtouren. Das Reisen ist dann auch ziemlich einfach und wenn man des Englisch m\u00e4chtig ist auch sprachlich problemlos. Ausser man erwische jemanden mit einem sehr starken Kiwi Akzent\u2026 Ich hatte eine sehr gute Zeit in Neuseeland und habe nicht viel Grund zum Klagen. Das einzig Negative war, wie an vielen anderen Orten auch, der Verkehr. Man merkt leider immer mal wieder, dass die Kiwis nur selten selbst mit dem Fahrrad unterwegs sind (sie nennen es ja auch Pushbike) und deshalb auch nicht soviel Erfahrung damit im Verkehr haben. Aber auch die Touristen mit ihren Vans und Camper sind leider h\u00e4ufig nicht viel besser. Deshalb heisst es auf der Strasse schlicht und einfach aufpassen. Und eine Leuchtweste ist definitiv auch empfehlenswert um gut sichtbar zu sein.<br \/>\nIch m\u00f6chte mein weiteres Fazit wiederum nicht in positiv und negativ aufteilen sondern in wichtige Themen gliedern und dazu meine Erfahrungen weitergeben. Ich glaube, dass dies f\u00fcr andere schlussendlich n\u00fctzlicher ist.<\/p>\n<p><strong>Menschen:<\/strong> Die Kiwis (die Einwohner von Neuseeland und nicht die Frucht oder der Vogel) sind sehr freundliche und auch hilfsbereite Menschen. Ich wurde doch einige Male auf dieser Reise zu Kaffee, Glace etc. eingeladen. Und dies fast ausschliesslich von \u00e4lteren Kiwis. Viele Touristen scheinen irgendwie zu besch\u00e4ftigt mit sich selbst zu sein um auch noch mit anderen Reisenden in Kontakt zu treten, was eigentlich doch sehr schade ist. Ich habe mir jedenfalls vorgenommen dies besser zu machen, wenn ich selbst wieder einmal in dieser Situation sein werde.<\/p>\n<p><strong>Sicherheit\/Kriminalit\u00e4t:<\/strong> Ich hatte keinerlei Probleme diesbez\u00fcglich. Aber wie \u00fcberall sollte man seine Wertsachen nicht herumliegen lassen und auch sein Fahrrad abschliessen.<\/p>\n<p><strong>Transport:<\/strong> Die <a title=\"http:\/\/www.kiwirail.co.nz\/\" href=\"http:\/\/www.kiwirail.co.nz\/\" target=\"_blank\">Bahnverbindungen<\/a> in Neuseeland sind etwas limitiert und z.T. auch ziemlich teuer. Daf\u00fcr ist die Mitnahme von Fahrr\u00e4dern unkompliziert. Die meisten Orte sind per Bus (<a title=\"http:\/\/www.intercity.co.nz\/\" href=\"http:\/\/www.intercity.co.nz\/\" target=\"_blank\">InterCity<\/a>, <a title=\"http:\/\/nakedbus.com\/\" href=\"http:\/\/nakedbus.com\/\" target=\"_blank\">Naked Bus<\/a>, <a title=\"http:\/\/www.atomictravel.co.nz\/\" href=\"http:\/\/www.atomictravel.co.nz\/\" target=\"_blank\">AtomicShuttle<\/a>) erreichbar und dies ist im Allgemeinen auch g\u00fcnstiger. Der Platz f\u00fcr&#8217;s Fahrrad sollte reserviert werden und z.T. ist es n\u00f6tig, dass die R\u00e4der und Pedale entfernt und die Kette abgedeckt wird. Das ist aber immer wieder etwas anders. Am Besten fragt man bei der Buchung und ist rechtzeitig an der Haltestelle. Auch auf diversen Schiffsverbindungen ist es m\u00f6glich das Fahrrad mit zu nehmen. Dies z.B. zwischen der Nord- und S\u00fcdinsel (<a title=\"http:\/\/www.interislander.co.nz\" href=\"http:\/\/www.interislander.co.nz\" target=\"_blank\">InterIslander<\/a>, <a title=\"http:\/\/www.bluebridge.co.nz\/\" href=\"http:\/\/www.bluebridge.co.nz\/\" target=\"_blank\">BlueBridge<\/a>).<\/p>\n<p><strong>Verkehr:<\/strong> Den Verkehr habe ich pers\u00f6nlich etwas untersch\u00e4tzt. Ausserhalb der Zentren h\u00e4lt er sich zwar meist in Grenzen aber die Strassen sind h\u00e4ufig eng und haben keinen Ra(n)dstreifen. Zudem ist die Geschwindigkeitslimite typischerweise 100km\/h. Mann muss deshalb doch meist sehr aufpassen und gegebenenfalls auch anhalten um gef\u00e4hrliche Situationen zu vermeiden. Von dem her empfiehlt es sich die Transitrouten zu meiden und wo m\u00f6glich auf Nebenstrassen auszuweichen. Die sind meist auch interessanter. Nicht alle Strassen sind asphaltiert. Dies sollte man bedenken, wenn man sein Material zusammen stellt. Im Aufbau Begriffen ist der <a title=\"http:\/\/www.nzcycletrail.com\/\" href=\"http:\/\/www.nzcycletrail.com\/\" target=\"_blank\">New Zealand Cycle Trail<\/a>. Der Fokus scheint mehr Richtung Mountainbiking zu sein und weniger darauf, dass Neuseeland als solches Fahrrad freundlicher wird. Es ist deshalb ein wenig ein Flickwerk, aber es lohnt sich trotzdem dort mal rein zu schauen.<\/p>\n<p><strong>Essen:<\/strong> Essen gibt es fast \u00fcberall zu kaufen und man muss grunds\u00e4tzlich nicht grosse Mengen transportieren, ausser man ist in abgelegeneren Orten unterwegs. Das Hahnenwassser ist praktisch immer trinkbar, ausser auf den einfacheren DOC Zeltpl\u00e4tzen. Wasser aus Fl\u00fcssen und Seen sollte man nur trinken, wenn man es entsprechend behandelt hat, da in Neuseeland <a title=\"http:\/\/de.wikipedia.org\/wiki\/Giardien\" href=\"http:\/\/de.wikipedia.org\/wiki\/Giardien\" target=\"_blank\">Giardia<\/a> vorkommt und viele Gebiete zudem landwirtschaftlich genutzt werden. Auf vielen Zeltpl\u00e4tzen (ausser den DOC Zeltpl\u00e4tzen) hat es eine K\u00fcche mit Kochgelegenheit, bei denen aber z.T. keine Pfannen etc. vorhanden sind. Ein eigener Kocher ist aber nur notwendig, wenn man in abgelegeneren Orten unterwegs ist.<\/p>\n<p><strong>Unterk\u00fcnfte:<\/strong> Neuseeland bietet das ganze Spektrum von kostenlosen Zeltpl\u00e4tzen bis zu teuren Hotels. Bei den Zeltpl\u00e4tzen bieten sich speziell die Pl\u00e4tze des <a title=\"http:\/\/www.doc.govt.nz\" href=\"http:\/\/www.doc.govt.nz\" target=\"_blank\">Department Of Conservation DOC<\/a> an, da sie h\u00e4ufig an sch\u00f6nen Orten liegen und zu dem g\u00fcnstig sind. Eine etwas teurere Alternative sind die diversen Motorcamps, z.B. <a title=\"http:\/\/www.kiwiholidayparks.com\/\" href=\"http:\/\/www.kiwiholidayparks.com\/\" target=\"_blank\">Kiwi Holiday Parks<\/a> und <a title=\"http:\/\/www.top10.co.nz\/\" href=\"http:\/\/www.top10.co.nz\/\" target=\"_blank\">Top10<\/a>. Eine M\u00f6glichkeit sind nat\u00fcrlich auch die vielen Hostels (z.B. von <a title=\"http:\/\/bbh.co.nz\/\" href=\"http:\/\/bbh.co.nz\/\" target=\"_blank\">BBH<\/a> und <a title=\"http:\/\/www.yha.co.nz\/\" href=\"http:\/\/www.yha.co.nz\/\" target=\"_blank\">YHA\/HI<\/a>). Bei einigen kann man auch zelten, was dann etwas g\u00fcnstiger ist und einem den schnarchenden Nachbar erspart. Zudem kann man so auch die Infrastruktur des Hostels nutzen. Wild zelten ist eher etwas schwierig, da praktisch alles Land landwirtschaftlich genutzt wird. Aber auch das ist grunds\u00e4tzlich m\u00f6glich. Eine gute \u00dcbersicht zu den verschiedenen Camping M\u00f6glichkeiten bietet <a title=\"http:\/\/www.rankers.co.nz\/respect\" href=\"http:\/\/www.rankers.co.nz\/respect\" target=\"_blank\">Rankerz.NZ<\/a>. Eine andere Variante ist nat\u00fcrlich noch <a title=\"http:\/\/warmshowers.org\/\" href=\"http:\/\/warmshowers.org\/\" target=\"_blank\">Warmshowers<\/a> und <a title=\"http:\/\/couchsurfing.org\/\" href=\"http:\/\/couchsurfing.org\/\" target=\"_blank\">Couchsurfing<\/a>.<\/p>\n<p><strong>Geld\/Kreditkarten:<\/strong> Kreditkarten sind in Neuseeland recht weit verbreitet. An abgelegenen Orten kann es aber sein, dass man nur mit Bargeld zahlen kann. Zudem werden ausl\u00e4ndische Karten nicht von allen Bankomaten (ATMs) unterst\u00fctzt. Es empfiehlt sich deshalb immer genug Bargeld dabei zu haben, speziell z.B. an der Westk\u00fcste der S\u00fcdinsel.<\/p>\n<p><strong>Karten\/GPS\/B\u00fccher:<\/strong> Es empfiehlt sich eine eine Strassenkarte dabei zu haben. Solche bekommt man z.B. in Buchl\u00e4den. Ebenfalls sehr empfehlenswert sind die zwei B\u00e4nde des <a title=\"http:\/\/www.paradise-press.co.nz\/\" href=\"http:\/\/www.paradise-press.co.nz\/\" target=\"_blank\">Pedallers&#8216; Paradise<\/a> (je ein Buch f\u00fcr die Nord- und die S\u00fcdinsel). Diese enthalten zu den meisten Strecken eine Beschreibung und auch ob es unterwegs Einkaufsm\u00f6glichkeiten und Unterk\u00fcnfte gibt. Diese B\u00fccher sind ebenfalls im Buchhandel erh\u00e4ltlich oder direkt beim Autor. Ich pers\u00f6nlich nutzte zudem diverse Apps auf meinem Smartphone. Dazu geh\u00f6rten: <a title=\"http:\/\/www.google.com\/mobile\/maps\/\" href=\"http:\/\/www.google.com\/mobile\/maps\/\" target=\"_blank\">Google Maps<\/a>, <a title=\"http:\/\/www.nestfinder.co.nz\/\" href=\"http:\/\/www.nestfinder.co.nz\/\" target=\"_blank\">Nestfinder<\/a>, <a title=\"http:\/\/www.campermate.co.nz\/\" href=\"http:\/\/www.campermate.co.nz\/\" target=\"_blank\">CamperMate<\/a>, <a title=\"http:\/\/www.locusmap.eu\/\" href=\"http:\/\/www.locusmap.eu\/\" target=\"_blank\">Locus Map<\/a>, etc. Speziell bei den Apps \u00e4ndert sich vieles sehr schnell und es lohnt sich immer mal wieder nach was Neuem zu suchen. Bei den <a title=\"http:\/\/www.nztopomaps.com\/offline\" href=\"http:\/\/www.nztopomaps.com\/offline\">online Karten<\/a> lohnt es sich diese bereits zu Hause auf sein Smartphone zu laden, da diese recht gross sind und dies in Neuseeland deshalb ziemlich teuer werden kann.<\/p>\n<p><strong>Internet\/Telefon:<\/strong> Die meisten Hostel und auch diverse Motorcamps und Holiday Parks bieten WLAN an, wobei es h\u00e4ufig nicht kostenlos is (z.T. auch ziemlich teuer) eine Alternative ist der Internetzugang \u00fcber das Mobilnetz. In diesem Fall sollte man sich aber eine lokale Prepaid SIM Karte organisieren und ein Datenpaket kaufen. Dabei ist zu beachten, dass das eigene Smartphone die vom jeweiligen Anbieter genutzten Frequenzen auch unterst\u00fctzt. Eine Liste von Anbietern ist <a title=\"http:\/\/prepaidwithdata.wikia.com\/wiki\/New_Zealand\" href=\"http:\/\/prepaidwithdata.wikia.com\/wiki\/New_Zealand\" target=\"_blank\">hier<\/a> zu finden.<\/p>\n<p><strong>Aktivit\u00e4ten:<\/strong> Neuseeland ist das Land mit den unbegrenzten Outdoor-Aktivit\u00e4ten. JedeR findet da etwas nach dem eigenen Geschmack, sei es Wandern (trampen heisst das hier), Kajaken, Riverrafting, \u2026 Schlussendlich ist es nur eine Frage der vorhanden Zeit und der finanziellen M\u00f6glichkeiten. Etwas ist Neuseeland aber nicht: g\u00fcnstig. Zum Teil gibt es Rabatte z.B. f\u00fcr HI Mitglieder. Die einzelnen Anbieter weisen einem aber nicht darauf hin&#8230;<\/p>\n<p><strong>Wetter:<\/strong> Das ist ein Thema f\u00fcr sich. Schlussendlich muss man in Neuseeland mit allem rechnen. Es kann sehr sch\u00f6n und trocken sein (wie im Sommer 2012\/2013) oder auch sehr regnerisch und kalt. Auch mit Wind muss man leben k\u00f6nnen. Typischerweise bl\u00e4sst er von West\/S\u00fcdwest aber er kann auch mal drehen, speziell wenn sich das Wetter \u00e4ndert. Der <a title=\"http:\/\/www.metservice.com\/\" href=\"http:\/\/www.metservice.com\/\" target=\"_blank\">Wetterbericht<\/a> ist so eine Sache und man sollte ihn nur als eine Tendenz ansehen. Schlussendlich kann es auch anders kommen. Oder so wie es viele andere schon gesagt haben: Der Wetterbericht ist eigentlich meist korrekt; nur mit dem Tag stimmt es nicht immer. Schnee gibt es praktisch nur in den Bergen. Daf\u00fcr kann es den auch mal im Sommer geben.<\/p>\n<p><strong>Beste Reisezeit:<\/strong> Grunds\u00e4tzlich kann man in Neuseeland das ganze Jahr mit dem Fahrrad unterwegs sein. Die Hauptreisezeit ist aber wohl zwischen Oktober und Mai. Speziell um Weihnachten und Neujahr bis Ende Januar kann es etwas eng werden, da dann auch die Kiwis in den Sommerferien sind. Es empfiehlt sich dann speziell die F\u00e4hren fr\u00fchzeitig zu reservieren (auch f\u00fcr Fahrradfahrer!).<\/p>\n<p><strong>Fazit\u2028\u2028<\/strong><br \/>\nNeuseeland ist definitiv eine Reise wert und die sollte besser nicht zu kurz sein. Es w\u00e4re sehr schade, wenn man durch das Land hetzen m\u00fcsste. Weniger w\u00e4re dann mehr. Ob man all das mit dem Velo machen will ist eine andere Frage. Neuseeland ist nicht flach und es bl\u00e4st einem auch immer mal wieder der Wind entgegen.\u00a0 Aber ein gutes Training ist es alle mal ;-).<\/p>","protected":false},"excerpt":{"rendered":"<p>Neuseeland ist ja bekannt als Destination f\u00fcr Fahrradtouren. Das Reisen ist dann auch ziemlich einfach und wenn man des Englisch m\u00e4chtig ist auch sprachlich problemlos. Ausser man erwische jemanden mit einem sehr starken Kiwi Akzent\u2026 Ich hatte eine sehr gute Zeit in Neuseeland und habe nicht viel Grund zum Klagen. Das einzig Negative war, wie [&hellip;]<\/p>\n","protected":false},"author":1346,"featured_media":6423,"parent":1757,"menu_order":4,"comment_status":"closed","ping_status":"open","template":"","meta":{"jetpack_post_was_ever_published":false,"footnotes":""},"class_list":["post-1971","page","type-page","status-publish","has-post-thumbnail","czr-hentry"],"yoast_head":"<!-- This site is optimized with the Yoast SEO plugin v27.5 - https:\/\/yoast.com\/product\/yoast-seo-wordpress\/ -->\n<title>Tips and hints for traveling and cycling in New Zealand - biketravel.net<\/title>\n<meta name=\"description\" content=\"Many tips for a cycling trip in NZ \/ Viele Hinweise f\u00fcr eine Fahrradtour in Neuseeland.\" \/>\n<meta name=\"robots\" content=\"index, follow, max-snippet:-1, max-image-preview:large, max-video-preview:-1\" \/>\n<link rel=\"canonical\" href=\"https:\/\/blog.biketravel.net\/de\/hints\/newzealand\/\" \/>\n<meta name=\"twitter:label1\" content=\"Gesch\u00e4tzte Lesezeit\" \/>\n\t<meta name=\"twitter:data1\" content=\"14\u00a0Minuten\" \/>\n<script type=\"application\/ld+json\" class=\"yoast-schema-graph\">{\"@context\":\"https:\\\/\\\/schema.org\",\"@graph\":[{\"@type\":\"WebPage\",\"@id\":\"https:\\\/\\\/blog.biketravel.net\\\/de\\\/hints\\\/newzealand\\\/\",\"url\":\"https:\\\/\\\/blog.biketravel.net\\\/de\\\/hints\\\/newzealand\\\/\",\"name\":\"Tips and hints for traveling and cycling in New Zealand - biketravel.net\",\"isPartOf\":{\"@id\":\"https:\\\/\\\/blog.biketravel.net\\\/de\\\/#website\"},\"primaryImageOfPage\":{\"@id\":\"https:\\\/\\\/blog.biketravel.net\\\/de\\\/hints\\\/newzealand\\\/#primaryimage\"},\"image\":{\"@id\":\"https:\\\/\\\/blog.biketravel.net\\\/de\\\/hints\\\/newzealand\\\/#primaryimage\"},\"thumbnailUrl\":\"https:\\\/\\\/i0.wp.com\\\/blog.biketravel.net\\\/wp-content\\\/uploads\\\/2013\\\/05\\\/nz_cape_reinga.jpg?fit=1024%2C768&ssl=1\",\"datePublished\":\"2013-05-28T11:53:44+00:00\",\"dateModified\":\"2018-04-13T22:41:35+00:00\",\"description\":\"Many tips for a cycling trip in NZ \\\/ Viele Hinweise f\u00fcr eine Fahrradtour in Neuseeland.\",\"breadcrumb\":{\"@id\":\"https:\\\/\\\/blog.biketravel.net\\\/de\\\/hints\\\/newzealand\\\/#breadcrumb\"},\"inLanguage\":\"de\",\"potentialAction\":[{\"@type\":\"ReadAction\",\"target\":[\"https:\\\/\\\/blog.biketravel.net\\\/de\\\/hints\\\/newzealand\\\/\"]}]},{\"@type\":\"ImageObject\",\"inLanguage\":\"de\",\"@id\":\"https:\\\/\\\/blog.biketravel.net\\\/de\\\/hints\\\/newzealand\\\/#primaryimage\",\"url\":\"https:\\\/\\\/i0.wp.com\\\/blog.biketravel.net\\\/wp-content\\\/uploads\\\/2013\\\/05\\\/nz_cape_reinga.jpg?fit=1024%2C768&ssl=1\",\"contentUrl\":\"https:\\\/\\\/i0.wp.com\\\/blog.biketravel.net\\\/wp-content\\\/uploads\\\/2013\\\/05\\\/nz_cape_reinga.jpg?fit=1024%2C768&ssl=1\",\"width\":1024,\"height\":768,\"caption\":\"At Cape Reinga\"},{\"@type\":\"BreadcrumbList\",\"@id\":\"https:\\\/\\\/blog.biketravel.net\\\/de\\\/hints\\\/newzealand\\\/#breadcrumb\",\"itemListElement\":[{\"@type\":\"ListItem\",\"position\":1,\"name\":\"Home\",\"item\":\"https:\\\/\\\/blog.biketravel.net\\\/de\\\/\"},{\"@type\":\"ListItem\",\"position\":2,\"name\":\"Tipps\",\"item\":\"https:\\\/\\\/blog.biketravel.net\\\/de\\\/hints\\\/\"},{\"@type\":\"ListItem\",\"position\":3,\"name\":\"Neuseeland\"}]},{\"@type\":\"WebSite\",\"@id\":\"https:\\\/\\\/blog.biketravel.net\\\/de\\\/#website\",\"url\":\"https:\\\/\\\/blog.biketravel.net\\\/de\\\/\",\"name\":\"Cycle the world - biketravel.net\",\"description\":\"A road full of adventures...\",\"potentialAction\":[{\"@type\":\"SearchAction\",\"target\":{\"@type\":\"EntryPoint\",\"urlTemplate\":\"https:\\\/\\\/blog.biketravel.net\\\/de\\\/?s={search_term_string}\"},\"query-input\":{\"@type\":\"PropertyValueSpecification\",\"valueRequired\":true,\"valueName\":\"search_term_string\"}}],\"inLanguage\":\"de\"}]}<\/script>\n<!-- \/ Yoast SEO plugin. -->","yoast_head_json":{"title":"Tips and hints for traveling and cycling in New Zealand - biketravel.net","description":"Many tips for a cycling trip in NZ \/ Viele Hinweise f\u00fcr eine Fahrradtour in Neuseeland.","robots":{"index":"index","follow":"follow","max-snippet":"max-snippet:-1","max-image-preview":"max-image-preview:large","max-video-preview":"max-video-preview:-1"},"canonical":"https:\/\/blog.biketravel.net\/de\/hints\/newzealand\/","twitter_misc":{"Gesch\u00e4tzte Lesezeit":"14\u00a0Minuten"},"schema":{"@context":"https:\/\/schema.org","@graph":[{"@type":"WebPage","@id":"https:\/\/blog.biketravel.net\/de\/hints\/newzealand\/","url":"https:\/\/blog.biketravel.net\/de\/hints\/newzealand\/","name":"Tips and hints for traveling and cycling in New Zealand - biketravel.net","isPartOf":{"@id":"https:\/\/blog.biketravel.net\/de\/#website"},"primaryImageOfPage":{"@id":"https:\/\/blog.biketravel.net\/de\/hints\/newzealand\/#primaryimage"},"image":{"@id":"https:\/\/blog.biketravel.net\/de\/hints\/newzealand\/#primaryimage"},"thumbnailUrl":"https:\/\/i0.wp.com\/blog.biketravel.net\/wp-content\/uploads\/2013\/05\/nz_cape_reinga.jpg?fit=1024%2C768&ssl=1","datePublished":"2013-05-28T11:53:44+00:00","dateModified":"2018-04-13T22:41:35+00:00","description":"Many tips for a cycling trip in NZ \/ Viele Hinweise f\u00fcr eine Fahrradtour in Neuseeland.","breadcrumb":{"@id":"https:\/\/blog.biketravel.net\/de\/hints\/newzealand\/#breadcrumb"},"inLanguage":"de","potentialAction":[{"@type":"ReadAction","target":["https:\/\/blog.biketravel.net\/de\/hints\/newzealand\/"]}]},{"@type":"ImageObject","inLanguage":"de","@id":"https:\/\/blog.biketravel.net\/de\/hints\/newzealand\/#primaryimage","url":"https:\/\/i0.wp.com\/blog.biketravel.net\/wp-content\/uploads\/2013\/05\/nz_cape_reinga.jpg?fit=1024%2C768&ssl=1","contentUrl":"https:\/\/i0.wp.com\/blog.biketravel.net\/wp-content\/uploads\/2013\/05\/nz_cape_reinga.jpg?fit=1024%2C768&ssl=1","width":1024,"height":768,"caption":"At Cape Reinga"},{"@type":"BreadcrumbList","@id":"https:\/\/blog.biketravel.net\/de\/hints\/newzealand\/#breadcrumb","itemListElement":[{"@type":"ListItem","position":1,"name":"Home","item":"https:\/\/blog.biketravel.net\/de\/"},{"@type":"ListItem","position":2,"name":"Tipps","item":"https:\/\/blog.biketravel.net\/de\/hints\/"},{"@type":"ListItem","position":3,"name":"Neuseeland"}]},{"@type":"WebSite","@id":"https:\/\/blog.biketravel.net\/de\/#website","url":"https:\/\/blog.biketravel.net\/de\/","name":"Cycle the world - biketravel.net","description":"A road full of adventures...","potentialAction":[{"@type":"SearchAction","target":{"@type":"EntryPoint","urlTemplate":"https:\/\/blog.biketravel.net\/de\/?s={search_term_string}"},"query-input":{"@type":"PropertyValueSpecification","valueRequired":true,"valueName":"search_term_string"}}],"inLanguage":"de"}]}},"jetpack_shortlink":"https:\/\/wp.me\/PcO9X7-vN","jetpack_sharing_enabled":true,"_links":{"self":[{"href":"https:\/\/blog.biketravel.net\/de\/wp-json\/wp\/v2\/pages\/1971","targetHints":{"allow":["GET"]}}],"collection":[{"href":"https:\/\/blog.biketravel.net\/de\/wp-json\/wp\/v2\/pages"}],"about":[{"href":"https:\/\/blog.biketravel.net\/de\/wp-json\/wp\/v2\/types\/page"}],"author":[{"embeddable":true,"href":"https:\/\/blog.biketravel.net\/de\/wp-json\/wp\/v2\/users\/1346"}],"replies":[{"embeddable":true,"href":"https:\/\/blog.biketravel.net\/de\/wp-json\/wp\/v2\/comments?post=1971"}],"version-history":[{"count":1,"href":"https:\/\/blog.biketravel.net\/de\/wp-json\/wp\/v2\/pages\/1971\/revisions"}],"predecessor-version":[{"id":6674,"href":"https:\/\/blog.biketravel.net\/de\/wp-json\/wp\/v2\/pages\/1971\/revisions\/6674"}],"up":[{"embeddable":true,"href":"https:\/\/blog.biketravel.net\/de\/wp-json\/wp\/v2\/pages\/1757"}],"wp:featuredmedia":[{"embeddable":true,"href":"https:\/\/blog.biketravel.net\/de\/wp-json\/wp\/v2\/media\/6423"}],"wp:attachment":[{"href":"https:\/\/blog.biketravel.net\/de\/wp-json\/wp\/v2\/media?parent=1971"}],"curies":[{"name":"wp","href":"https:\/\/api.w.org\/{rel}","templated":true}]}}