{"id":994,"date":"2011-12-29T18:28:34","date_gmt":"2011-12-29T17:28:34","guid":{"rendered":"https:\/\/blog.biketravel.net\/?page_id=994"},"modified":"2012-01-04T15:30:19","modified_gmt":"2012-01-04T14:30:19","slug":"equipment","status":"publish","type":"page","link":"https:\/\/blog.biketravel.net\/de\/equipment\/","title":{"rendered":"Ausr\u00fcstung"},"content":{"rendered":"<p>Auf solch einer Reise braucht man nat\u00fcrlich auch einiges an Material. Zum einen die eigentliche Ausr\u00fcstung (Fahrrad, Zelt etc.) aber nat\u00fcrlich auch B\u00fccher und \u00e4hnliches. Ich habe deshalb diese Liste auf zwei Seiten aufgeteilt:<\/p>\n<ul>\n<li><a title=\"Equipment\" href=\"https:\/\/blog.biketravel.net\/de\/equipment\/equipment\/\">Ausr\u00fcstung (Fahrrad, Zelt etc.)<\/a><\/li>\n<li><a title=\"Books &amp; Maps\" href=\"https:\/\/blog.biketravel.net\/de\/equipment\/books-maps\/\">B\u00fccher, Karten etc.<\/a><\/li>\n<\/ul>\n<p><\/p>","protected":false},"excerpt":{"rendered":"<p>Auf solch einer Reise braucht man nat\u00fcrlich auch einiges an Material. Zum einen die eigentliche Ausr\u00fcstung (Fahrrad, Zelt etc.) aber nat\u00fcrlich auch B\u00fccher und \u00e4hnliches. Ich habe deshalb diese Liste auf zwei Seiten aufgeteilt: Ausr\u00fcstung (Fahrrad, Zelt etc.) B\u00fccher, Karten etc.<\/p>\n","protected":false},"author":1346,"featured_media":0,"parent":0,"menu_order":6,"comment_status":"closed","ping_status":"closed","template":"","meta":{"jetpack_post_was_ever_published":false,"footnotes":""},"class_list":["post-994","page","type-page","status-publish","czr-hentry"],"yoast_head":"<!-- This site is optimized with the Yoast SEO plugin v27.4 - https:\/\/yoast.com\/product\/yoast-seo-wordpress\/ -->\n<title>Equipment \/ Ausr\u00fcstung - biketravel.net<\/title>\n<meta name=\"robots\" content=\"index, follow, max-snippet:-1, max-image-preview:large, max-video-preview:-1\" \/>\n<link rel=\"canonical\" href=\"https:\/\/blog.biketravel.net\/en\/equipment\/\" \/>\n<script type=\"application\/ld+json\" class=\"yoast-schema-graph\">{\"@context\":\"https:\\\/\\\/schema.org\",\"@graph\":[{\"@type\":\"WebPage\",\"@id\":\"https:\\\/\\\/blog.biketravel.net\\\/en\\\/equipment\\\/\",\"url\":\"https:\\\/\\\/blog.biketravel.net\\\/en\\\/equipment\\\/\",\"name\":\"Equipment \\\/ Ausr\u00fcstung - biketravel.net\",\"isPartOf\":{\"@id\":\"https:\\\/\\\/blog.biketravel.net\\\/de\\\/#website\"},\"datePublished\":\"2011-12-29T17:28:34+00:00\",\"dateModified\":\"2012-01-04T14:30:19+00:00\",\"breadcrumb\":{\"@id\":\"https:\\\/\\\/blog.biketravel.net\\\/en\\\/equipment\\\/#breadcrumb\"},\"inLanguage\":\"de\",\"potentialAction\":[{\"@type\":\"ReadAction\",\"target\":[\"https:\\\/\\\/blog.biketravel.net\\\/en\\\/equipment\\\/\"]}]},{\"@type\":\"BreadcrumbList\",\"@id\":\"https:\\\/\\\/blog.biketravel.net\\\/en\\\/equipment\\\/#breadcrumb\",\"itemListElement\":[{\"@type\":\"ListItem\",\"position\":1,\"name\":\"Home\",\"item\":\"https:\\\/\\\/blog.biketravel.net\\\/de\\\/\"},{\"@type\":\"ListItem\",\"position\":2,\"name\":\"Equipment\"}]},{\"@type\":\"WebSite\",\"@id\":\"https:\\\/\\\/blog.biketravel.net\\\/de\\\/#website\",\"url\":\"https:\\\/\\\/blog.biketravel.net\\\/de\\\/\",\"name\":\"Cycle the world - biketravel.net\",\"description\":\"A road full of adventures...\",\"potentialAction\":[{\"@type\":\"SearchAction\",\"target\":{\"@type\":\"EntryPoint\",\"urlTemplate\":\"https:\\\/\\\/blog.biketravel.net\\\/de\\\/?s={search_term_string}\"},\"query-input\":{\"@type\":\"PropertyValueSpecification\",\"valueRequired\":true,\"valueName\":\"search_term_string\"}}],\"inLanguage\":\"de\"}]}<\/script>\n<!-- \/ Yoast SEO plugin. -->","yoast_head_json":{"title":"Equipment \/ Ausr\u00fcstung - biketravel.net","robots":{"index":"index","follow":"follow","max-snippet":"max-snippet:-1","max-image-preview":"max-image-preview:large","max-video-preview":"max-video-preview:-1"},"canonical":"https:\/\/blog.biketravel.net\/en\/equipment\/","schema":{"@context":"https:\/\/schema.org","@graph":[{"@type":"WebPage","@id":"https:\/\/blog.biketravel.net\/en\/equipment\/","url":"https:\/\/blog.biketravel.net\/en\/equipment\/","name":"Equipment \/ Ausr\u00fcstung - biketravel.net","isPartOf":{"@id":"https:\/\/blog.biketravel.net\/de\/#website"},"datePublished":"2011-12-29T17:28:34+00:00","dateModified":"2012-01-04T14:30:19+00:00","breadcrumb":{"@id":"https:\/\/blog.biketravel.net\/en\/equipment\/#breadcrumb"},"inLanguage":"de","potentialAction":[{"@type":"ReadAction","target":["https:\/\/blog.biketravel.net\/en\/equipment\/"]}]},{"@type":"BreadcrumbList","@id":"https:\/\/blog.biketravel.net\/en\/equipment\/#breadcrumb","itemListElement":[{"@type":"ListItem","position":1,"name":"Home","item":"https:\/\/blog.biketravel.net\/de\/"},{"@type":"ListItem","position":2,"name":"Equipment"}]},{"@type":"WebSite","@id":"https:\/\/blog.biketravel.net\/de\/#website","url":"https:\/\/blog.biketravel.net\/de\/","name":"Cycle the world - biketravel.net","description":"A road full of adventures...","potentialAction":[{"@type":"SearchAction","target":{"@type":"EntryPoint","urlTemplate":"https:\/\/blog.biketravel.net\/de\/?s={search_term_string}"},"query-input":{"@type":"PropertyValueSpecification","valueRequired":true,"valueName":"search_term_string"}}],"inLanguage":"de"}]}},"jetpack_shortlink":"https:\/\/wp.me\/PcO9X7-g2","jetpack_sharing_enabled":true,"_links":{"self":[{"href":"https:\/\/blog.biketravel.net\/de\/wp-json\/wp\/v2\/pages\/994","targetHints":{"allow":["GET"]}}],"collection":[{"href":"https:\/\/blog.biketravel.net\/de\/wp-json\/wp\/v2\/pages"}],"about":[{"href":"https:\/\/blog.biketravel.net\/de\/wp-json\/wp\/v2\/types\/page"}],"author":[{"embeddable":true,"href":"https:\/\/blog.biketravel.net\/de\/wp-json\/wp\/v2\/users\/1346"}],"replies":[{"embeddable":true,"href":"https:\/\/blog.biketravel.net\/de\/wp-json\/wp\/v2\/comments?post=994"}],"version-history":[{"count":0,"href":"https:\/\/blog.biketravel.net\/de\/wp-json\/wp\/v2\/pages\/994\/revisions"}],"wp:attachment":[{"href":"https:\/\/blog.biketravel.net\/de\/wp-json\/wp\/v2\/media?parent=994"}],"curies":[{"name":"wp","href":"https:\/\/api.w.org\/{rel}","templated":true}]}}